

{"id":2910,"date":"2022-10-14T21:13:03","date_gmt":"2022-10-14T18:13:03","guid":{"rendered":"https:\/\/wp.adisoft.lt\/dioimplant\/par-mums\/"},"modified":"2023-06-27T15:45:24","modified_gmt":"2023-06-27T12:45:24","slug":"par-mums","status":"publish","type":"page","link":"https:\/\/dioimplant.lv\/lv\/par-mums\/","title":{"rendered":"Par mums"},"content":{"rendered":"<section class=\"wpb-content-wrapper\">[vc_row full_width=&#8221;stretch_row_content_no_spaces&#8221; curly_bg_repeat=&#8221;bg-no-repeat&#8221; el_class=&#8221;about-us-block&#8221; css=&#8221;.vc_custom_1673615852219{background-image: url(https:\/\/dioimplant.lv\/wp-content\/uploads\/2022\/10\/sec_hybrid_bg.jpeg?id=1127) !important;background-position: center !important;background-repeat: no-repeat !important;background-size: cover !important;}&#8221;][vc_column][vc_row_inner content_placement=&#8221;middle&#8221; el_class=&#8221;page-title&#8221; css=&#8221;.vc_custom_1673615859341{background-position: center !important;background-repeat: no-repeat !important;background-size: cover !important;}&#8221;][vc_column_inner][vc_column_text]PAR MUMS[\/vc_column_text][\/vc_column_inner][\/vc_row_inner][\/vc_column][\/vc_row][vc_row el_class=&#8221;about-us-inner-block&#8221;][vc_column][vc_row_inner content_placement=&#8221;middle&#8221;][vc_column_inner][vc_column_text el_class=&#8221;about-page-heading&#8221;]V\u0112STURE[\/vc_column_text][\/vc_column_inner][\/vc_row_inner][vc_row_inner equal_height=&#8221;yes&#8221; content_placement=&#8221;top&#8221; el_class=&#8221;about-timeline-block&#8221;][vc_column_inner el_class=&#8221;about-timeline-image&#8221; width=&#8221;1\/2&#8243; offset=&#8221;vc_col-lg-6 vc_col-xs-12&#8243;][vc_single_image image=&#8221;1916&#8243; img_size=&#8221;full&#8221;][\/vc_column_inner][vc_column_inner width=&#8221;1\/2&#8243; offset=&#8221;vc_col-lg-6 vc_col-xs-12&#8243;][vc_text_separator title=&#8221;1988&#8243; title_align=&#8221;separator_align_right&#8221; el_class=&#8221;about-us-timeline-h&#8221;][vc_column_text el_class=&#8221;about-us-timeline-p&#8221;]Dibin\u0101ta East-West Machinery Corporation[\/vc_column_text][vc_text_separator title=&#8221;2000&#8243; title_align=&#8221;separator_align_right&#8221; el_class=&#8221;about-us-timeline-h&#8221;][vc_column_text el_class=&#8221;about-us-timeline-p&#8221;]Tiek dibin\u0101ts DIO China[\/vc_column_text][vc_text_separator title=&#8221;2005&#8243; title_align=&#8221;separator_align_right&#8221; el_class=&#8221;about-us-timeline-h&#8221;][vc_column_text el_class=&#8221;about-us-timeline-p&#8221;]Izveidots DIO Vjetnama[\/vc_column_text][vc_text_separator title=&#8221;2006&#8243; title_align=&#8221;separator_align_right&#8221; el_class=&#8221;about-us-timeline-h&#8221;][vc_column_text el_class=&#8221;about-us-timeline-p&#8221;]Tiek izveidotas DIO Thailand un DIO Australia[\/vc_column_text][vc_text_separator title=&#8221;2010&#8243; title_align=&#8221;separator_align_right&#8221; el_class=&#8221;about-us-timeline-h&#8221;][vc_column_text el_class=&#8221;about-us-timeline-p&#8221;]Ir uzs\u0101kta \u0161aur\u0101s implantu sist\u0113mas ra\u017eo\u0161ana[\/vc_column_text][vc_text_separator title=&#8221;2011&#8243; title_align=&#8221;separator_align_right&#8221; el_class=&#8221;about-us-timeline-h&#8221;][vc_column_text el_class=&#8221;about-us-timeline-p&#8221;]S\u0101kta &#8220;UV Active&#8221; implantu ra\u017eo\u0161ana[\/vc_column_text][vc_column_text el_class=&#8221;about-us-timeline-p&#8221;]S\u0101kta UF implantu sist\u0113mas ra\u017eo\u0161ana[\/vc_column_text][vc_text_separator title=&#8221;2014&#8243; title_align=&#8221;separator_align_right&#8221; el_class=&#8221;about-us-timeline-h&#8221;][vc_column_text el_class=&#8221;about-us-timeline-p&#8221;]Patent\u0113ta DIONavi, digit\u0101l\u0101 implantu sist\u0113ma[\/vc_column_text][vc_text_separator title=&#8221;2016&#8243; title_align=&#8221;separator_align_right&#8221; el_class=&#8221;about-us-timeline-h&#8221;][vc_column_text el_class=&#8221;about-us-timeline-p&#8221;]S\u0101ciet ra\u017eot SMARTnavi[\/vc_column_text][vc_column_text el_class=&#8221;about-us-timeline-p&#8221;]S\u0101kta DIO digit\u0101l\u0101 akad\u0113mija (DDA).[\/vc_column_text][vc_text_separator title=&#8221;2017&#8243; title_align=&#8221;separator_align_right&#8221; el_class=&#8221;about-us-timeline-h&#8221;][vc_column_text el_class=&#8221;about-us-timeline-p&#8221;]Uzs\u0101kta digit\u0101l\u0101s ortodontisk\u0101s sist\u0113mas &#8220;DIO Ortho navi&#8221; ra\u017eo\u0161ana[\/vc_column_text][\/vc_column_inner][\/vc_row_inner][vc_row_inner el_class=&#8221;about-timeline-block&#8221;][vc_column_inner][vc_text_separator title=&#8221;2018&#8243; title_align=&#8221;separator_align_right&#8221; el_class=&#8221;about-us-timeline-h&#8221;][vc_column_text el_class=&#8221;about-us-timeline-p&#8221;]S\u0101kta &#8220;UV Activator&#8221; ra\u017eo\u0161ana[\/vc_column_text][vc_column_text el_class=&#8221;about-us-timeline-p&#8221;]S\u0101kta 3D zob\u0101rstniec\u012bbas printera DIO PROBO ra\u017eo\u0161ana[\/vc_column_text][vc_column_text el_class=&#8221;about-us-timeline-p&#8221;]S\u0101kta DIONavi ra\u017eo\u0161ana.Full Arch, Digital Implant System pacientiem bez zobiem[\/vc_column_text][vc_text_separator title=&#8221;2019&#8243; title_align=&#8221;separator_align_right&#8221; el_class=&#8221;about-us-timeline-h&#8221;][vc_column_text el_class=&#8221;about-us-timeline-p&#8221;]S\u0101kta &#8220;UV Activator 2&#8243; ra\u017eo\u0161ana[\/vc_column_text][vc_text_separator title=&#8221;2021&#8243; title_align=&#8221;separator_align_right&#8221; el_class=&#8221;about-us-timeline-h&#8221;][vc_column_text el_class=&#8221;about-us-timeline-p&#8221;]Palaista DIO ekosist\u0113ma[\/vc_column_text][vc_column_text el_class=&#8221;about-us-timeline-p&#8221;]S\u0101kta 3D printera &#8220;DIO PROBO&#8221; ra\u017eo\u0161ana[\/vc_column_text][vc_column_text el_class=&#8221;about-us-timeline-p&#8221;]Pabeigta DIO digit\u0101l\u0101 platforma[\/vc_column_text][vc_column_text el_class=&#8221;about-us-timeline-p&#8221;]Vair\u0101k nek\u0101 600 000 DIONavi zobu implantu[\/vc_column_text][\/vc_column_inner][\/vc_row_inner][\/vc_column][\/vc_row][vc_row full_width=&#8221;stretch_row_content_no_spaces&#8221; curly_bg_repeat=&#8221;bg-no-repeat&#8221; curly_bg_position=&#8221;bg-pos-center-top&#8221; el_class=&#8221;about-us-block&#8221; css=&#8221;.vc_custom_1673619606380{background-image: url(https:\/\/dioimplant.lv\/wp-content\/uploads\/2022\/10\/sec_feature_bg.jpeg?id=1030) !important;background-position: center !important;background-repeat: no-repeat !important;background-size: cover !important;}&#8221;][vc_column][vc_row_inner content_placement=&#8221;bottom&#8221; css=&#8221;.vc_custom_1673619211023{background-position: center !important;background-repeat: no-repeat !important;background-size: cover !important;}&#8221; el_class=&#8221;about-page-ending&#8221;][vc_column_inner][vc_column_text el_class=&#8221;about-speech&#8221;]M\u0113s veidojam inovat\u012bvu digit\u0101lo zob\u0101rstniec\u012bbu[\/vc_column_text][vc_column_text el_class=&#8221;about-speech&#8221;]DIO ir gatavs rad\u012bt inov\u0101cijas un ieviest ekskluz\u012bvas digit\u0101l\u0101s zob\u0101rstniec\u012bbas tehnolo\u0123ijas. M\u0113s tiecamies uz izr\u0101vienu digit\u0101l\u0101s zob\u0101rstniec\u012bbas jom\u0101, past\u0101v\u012bgi invest\u0113jot inform\u0101cijas tehnolo\u0123ij\u0101s un m\u0101ksl\u012bgaj\u0101 intelekt\u0101.[\/vc_column_text][vc_column_text el_class=&#8221;about-speech&#8221;]K\u0101 digit\u0101l\u0101s zob\u0101rstniec\u012bbas l\u012bderi m\u0113s apsol\u0101m padar\u012bt m\u016bsu inov\u0101cijas un tehnolo\u0123ijas pieejamas vis\u0101 pasaul\u0113. Paldies.[\/vc_column_text][vc_column_text el_class=&#8221;about-name-block about-speech&#8221;]DIO korpor\u0101cijas<br \/>\nIzpilddirektors Kim Jin-Baek[\/vc_column_text][\/vc_column_inner][\/vc_row_inner][\/vc_column][\/vc_row][vc_row][vc_column][vc_row_inner][vc_column_inner el_class=&#8221;catalogs-headline&#8221;][vc_text_separator title=&#8221;DIO prezent\u0101ciju katalogs&#8221;][\/vc_column_inner][\/vc_row_inner][vc_row_inner equal_height=&#8221;yes&#8221; content_placement=&#8221;middle&#8221; el_class=&#8221;page-catalogs&#8221;][vc_column_inner width=&#8221;1\/4&#8243;][vc_raw_html]JTNDYSUyMGhyZWYlM0QlMjIlMkZ3cC1jb250ZW50JTJGdXBsb2FkcyUyRjIwMjMlMkYwMiUyRkRJTy1jb21wYW55LWludHJvLnBkZiUyMiUyMHRhcmdldCUzRCUyMl9ibGFuayUyMiUzRSUwQSUzQ2ltZyUyMHNyYyUzRCUyMiUyRndwLWNvbnRlbnQlMkZ1cGxvYWRzJTJGMjAyMyUyRjAyJTJGRElPLWNvbXBhbnktaW50cm8ucG5nJTIyJTNFJTBBVXolQzUlODYlQzQlOTNtdW1hJTIwRElPJTIwcHJlemVudCVDNCU4MWNpanUlMjBrYXRhbG9ncyUzQyUyRmElM0U=[\/vc_raw_html][\/vc_column_inner][vc_column_inner width=&#8221;1\/4&#8243;][\/vc_column_inner][vc_column_inner width=&#8221;1\/4&#8243;][\/vc_column_inner][vc_column_inner width=&#8221;1\/4&#8243;][\/vc_column_inner][\/vc_row_inner][\/vc_column][\/vc_row]\n<\/section>","protected":false},"excerpt":{"rendered":"<p>[vc_row full_width=&#8221;stretch_row_content_no_spaces&#8221; curly_bg_repeat=&#8221;bg-no-repeat&#8221; el_class=&#8221;about-us-block&#8221; css=&#8221;.vc_custom_1673615852219{background-image: url(https:\/\/dioimplant.lv\/wp-content\/uploads\/2022\/10\/sec_hybrid_bg.jpeg?id=1127) !important;background-position: center !important;background-repeat: no-repeat !important;background-size: cover !important;}&#8221;][vc_column][vc_row_inner content_placement=&#8221;middle&#8221; el_class=&#8221;page-title&#8221; css=&#8221;.vc_custom_1673615859341{background-position: center !important;background-repeat: no-repeat !important;background-size: cover !important;}&#8221;][vc_column_inner][vc_column_text]PAR MUMS[\/vc_column_text][\/vc_column_inner][\/vc_row_inner][\/vc_column][\/vc_row][vc_row el_class=&#8221;about-us-inner-block&#8221;][vc_column][vc_row_inner content_placement=&#8221;middle&#8221;][vc_column_inner][vc_column_text el_class=&#8221;about-page-heading&#8221;]V\u0112STURE[\/vc_column_text][\/vc_column_inner][\/vc_row_inner][vc_row_inner equal_height=&#8221;yes&#8221; content_placement=&#8221;top&#8221; el_class=&#8221;about-timeline-block&#8221;][vc_column_inner el_class=&#8221;about-timeline-image&#8221; width=&#8221;1\/2&#8243; offset=&#8221;vc_col-lg-6 vc_col-xs-12&#8243;][vc_single_image image=&#8221;1916&#8243; img_size=&#8221;full&#8221;][\/vc_column_inner][vc_column_inner width=&#8221;1\/2&#8243; offset=&#8221;vc_col-lg-6 vc_col-xs-12&#8243;][vc_text_separator title=&#8221;1988&#8243; title_align=&#8221;separator_align_right&#8221; el_class=&#8221;about-us-timeline-h&#8221;][vc_column_text el_class=&#8221;about-us-timeline-p&#8221;]Dibin\u0101ta East-West Machinery Corporation[\/vc_column_text][vc_text_separator title=&#8221;2000&#8243; title_align=&#8221;separator_align_right&#8221; el_class=&#8221;about-us-timeline-h&#8221;][vc_column_text el_class=&#8221;about-us-timeline-p&#8221;]Tiek dibin\u0101ts DIO China[\/vc_column_text][vc_text_separator title=&#8221;2005&#8243; title_align=&#8221;separator_align_right&#8221; el_class=&#8221;about-us-timeline-h&#8221;][vc_column_text el_class=&#8221;about-us-timeline-p&#8221;]Izveidots DIO Vjetnama[\/vc_column_text][vc_text_separator title=&#8221;2006&#8243; title_align=&#8221;separator_align_right&#8221; [&hellip;]<\/p>\n","protected":false},"author":3,"featured_media":0,"parent":0,"menu_order":0,"comment_status":"closed","ping_status":"closed","template":"","meta":{"inline_featured_image":false,"footnotes":""},"class_list":["post-2910","page","type-page","status-publish","hentry"],"acf":[],"yoast_head":"<!-- This site is optimized with the Yoast SEO plugin v20.12 - https:\/\/yoast.com\/wordpress\/plugins\/seo\/ -->\n<title>Par mums - DIOimplant.LV<\/title>\n<meta name=\"robots\" content=\"index, follow, max-snippet:-1, max-image-preview:large, max-video-preview:-1\" \/>\n<link rel=\"canonical\" href=\"https:\/\/dioimplant.lv\/lv\/par-mums\/\" \/>\n<meta property=\"og:locale\" content=\"lv_LV\" \/>\n<meta property=\"og:type\" content=\"article\" \/>\n<meta property=\"og:title\" content=\"Par mums - DIOimplant.LV\" \/>\n<meta property=\"og:description\" content=\"[vc_row full_width=&#8221;stretch_row_content_no_spaces&#8221; curly_bg_repeat=&#8221;bg-no-repeat&#8221; el_class=&#8221;about-us-block&#8221; css=&#8221;.vc_custom_1673615852219{background-image: url(https:\/\/dioimplant.lv\/wp-content\/uploads\/2022\/10\/sec_hybrid_bg.jpeg?id=1127) !important;background-position: center !important;background-repeat: no-repeat !important;background-size: cover !important;}&#8221;][vc_column][vc_row_inner content_placement=&#8221;middle&#8221; el_class=&#8221;page-title&#8221; css=&#8221;.vc_custom_1673615859341{background-position: center !important;background-repeat: no-repeat !important;background-size: cover !important;}&#8221;][vc_column_inner][vc_column_text]PAR MUMS[\/vc_column_text][\/vc_column_inner][\/vc_row_inner][\/vc_column][\/vc_row][vc_row el_class=&#8221;about-us-inner-block&#8221;][vc_column][vc_row_inner content_placement=&#8221;middle&#8221;][vc_column_inner][vc_column_text el_class=&#8221;about-page-heading&#8221;]V\u0112STURE[\/vc_column_text][\/vc_column_inner][\/vc_row_inner][vc_row_inner equal_height=&#8221;yes&#8221; content_placement=&#8221;top&#8221; el_class=&#8221;about-timeline-block&#8221;][vc_column_inner el_class=&#8221;about-timeline-image&#8221; width=&#8221;1\/2&#8243; offset=&#8221;vc_col-lg-6 vc_col-xs-12&#8243;][vc_single_image image=&#8221;1916&#8243; img_size=&#8221;full&#8221;][\/vc_column_inner][vc_column_inner width=&#8221;1\/2&#8243; offset=&#8221;vc_col-lg-6 vc_col-xs-12&#8243;][vc_text_separator title=&#8221;1988&#8243; title_align=&#8221;separator_align_right&#8221; el_class=&#8221;about-us-timeline-h&#8221;][vc_column_text el_class=&#8221;about-us-timeline-p&#8221;]Dibin\u0101ta East-West Machinery Corporation[\/vc_column_text][vc_text_separator title=&#8221;2000&#8243; title_align=&#8221;separator_align_right&#8221; el_class=&#8221;about-us-timeline-h&#8221;][vc_column_text el_class=&#8221;about-us-timeline-p&#8221;]Tiek dibin\u0101ts DIO China[\/vc_column_text][vc_text_separator title=&#8221;2005&#8243; title_align=&#8221;separator_align_right&#8221; el_class=&#8221;about-us-timeline-h&#8221;][vc_column_text el_class=&#8221;about-us-timeline-p&#8221;]Izveidots DIO Vjetnama[\/vc_column_text][vc_text_separator title=&#8221;2006&#8243; title_align=&#8221;separator_align_right&#8221; [&hellip;]\" \/>\n<meta property=\"og:url\" content=\"https:\/\/dioimplant.lv\/lv\/par-mums\/\" \/>\n<meta property=\"og:site_name\" content=\"DIOimplant.LV\" \/>\n<meta property=\"article:modified_time\" content=\"2023-06-27T12:45:24+00:00\" \/>\n<meta name=\"twitter:card\" content=\"summary_large_image\" \/>\n<meta name=\"twitter:label1\" content=\"Est. reading time\" \/>\n\t<meta name=\"twitter:data1\" content=\"5 minutes\" \/>\n<script type=\"application\/ld+json\" class=\"yoast-schema-graph\">{\"@context\":\"https:\/\/schema.org\",\"@graph\":[{\"@type\":\"WebPage\",\"@id\":\"https:\/\/dioimplant.lv\/lv\/par-mums\/\",\"url\":\"https:\/\/dioimplant.lv\/lv\/par-mums\/\",\"name\":\"Par mums - DIOimplant.LV\",\"isPartOf\":{\"@id\":\"https:\/\/dioimplant.lv\/lv\/#website\"},\"datePublished\":\"2022-10-14T18:13:03+00:00\",\"dateModified\":\"2023-06-27T12:45:24+00:00\",\"breadcrumb\":{\"@id\":\"https:\/\/dioimplant.lv\/lv\/par-mums\/#breadcrumb\"},\"inLanguage\":\"lv-LV\",\"potentialAction\":[{\"@type\":\"ReadAction\",\"target\":[\"https:\/\/dioimplant.lv\/lv\/par-mums\/\"]}]},{\"@type\":\"BreadcrumbList\",\"@id\":\"https:\/\/dioimplant.lv\/lv\/par-mums\/#breadcrumb\",\"itemListElement\":[{\"@type\":\"ListItem\",\"position\":1,\"name\":\"Home\",\"item\":\"https:\/\/dioimplant.lv\/lv\/\"},{\"@type\":\"ListItem\",\"position\":2,\"name\":\"Par mums\"}]},{\"@type\":\"WebSite\",\"@id\":\"https:\/\/dioimplant.lv\/lv\/#website\",\"url\":\"https:\/\/dioimplant.lv\/lv\/\",\"name\":\"DIOimplant.LV\",\"description\":\"For Lifetime Smiles\",\"potentialAction\":[{\"@type\":\"SearchAction\",\"target\":{\"@type\":\"EntryPoint\",\"urlTemplate\":\"https:\/\/dioimplant.lv\/lv\/?s={search_term_string}\"},\"query-input\":\"required name=search_term_string\"}],\"inLanguage\":\"lv-LV\"}]}<\/script>\n<!-- \/ Yoast SEO plugin. -->","yoast_head_json":{"title":"Par mums - DIOimplant.LV","robots":{"index":"index","follow":"follow","max-snippet":"max-snippet:-1","max-image-preview":"max-image-preview:large","max-video-preview":"max-video-preview:-1"},"canonical":"https:\/\/dioimplant.lv\/lv\/par-mums\/","og_locale":"lv_LV","og_type":"article","og_title":"Par mums - DIOimplant.LV","og_description":"[vc_row full_width=&#8221;stretch_row_content_no_spaces&#8221; curly_bg_repeat=&#8221;bg-no-repeat&#8221; el_class=&#8221;about-us-block&#8221; css=&#8221;.vc_custom_1673615852219{background-image: url(https:\/\/dioimplant.lv\/wp-content\/uploads\/2022\/10\/sec_hybrid_bg.jpeg?id=1127) !important;background-position: center !important;background-repeat: no-repeat !important;background-size: cover !important;}&#8221;][vc_column][vc_row_inner content_placement=&#8221;middle&#8221; el_class=&#8221;page-title&#8221; css=&#8221;.vc_custom_1673615859341{background-position: center !important;background-repeat: no-repeat !important;background-size: cover !important;}&#8221;][vc_column_inner][vc_column_text]PAR MUMS[\/vc_column_text][\/vc_column_inner][\/vc_row_inner][\/vc_column][\/vc_row][vc_row el_class=&#8221;about-us-inner-block&#8221;][vc_column][vc_row_inner content_placement=&#8221;middle&#8221;][vc_column_inner][vc_column_text el_class=&#8221;about-page-heading&#8221;]V\u0112STURE[\/vc_column_text][\/vc_column_inner][\/vc_row_inner][vc_row_inner equal_height=&#8221;yes&#8221; content_placement=&#8221;top&#8221; el_class=&#8221;about-timeline-block&#8221;][vc_column_inner el_class=&#8221;about-timeline-image&#8221; width=&#8221;1\/2&#8243; offset=&#8221;vc_col-lg-6 vc_col-xs-12&#8243;][vc_single_image image=&#8221;1916&#8243; img_size=&#8221;full&#8221;][\/vc_column_inner][vc_column_inner width=&#8221;1\/2&#8243; offset=&#8221;vc_col-lg-6 vc_col-xs-12&#8243;][vc_text_separator title=&#8221;1988&#8243; title_align=&#8221;separator_align_right&#8221; el_class=&#8221;about-us-timeline-h&#8221;][vc_column_text el_class=&#8221;about-us-timeline-p&#8221;]Dibin\u0101ta East-West Machinery Corporation[\/vc_column_text][vc_text_separator title=&#8221;2000&#8243; title_align=&#8221;separator_align_right&#8221; el_class=&#8221;about-us-timeline-h&#8221;][vc_column_text el_class=&#8221;about-us-timeline-p&#8221;]Tiek dibin\u0101ts DIO China[\/vc_column_text][vc_text_separator title=&#8221;2005&#8243; title_align=&#8221;separator_align_right&#8221; el_class=&#8221;about-us-timeline-h&#8221;][vc_column_text el_class=&#8221;about-us-timeline-p&#8221;]Izveidots DIO Vjetnama[\/vc_column_text][vc_text_separator title=&#8221;2006&#8243; title_align=&#8221;separator_align_right&#8221; [&hellip;]","og_url":"https:\/\/dioimplant.lv\/lv\/par-mums\/","og_site_name":"DIOimplant.LV","article_modified_time":"2023-06-27T12:45:24+00:00","twitter_card":"summary_large_image","twitter_misc":{"Est. reading time":"5 minutes"},"schema":{"@context":"https:\/\/schema.org","@graph":[{"@type":"WebPage","@id":"https:\/\/dioimplant.lv\/lv\/par-mums\/","url":"https:\/\/dioimplant.lv\/lv\/par-mums\/","name":"Par mums - DIOimplant.LV","isPartOf":{"@id":"https:\/\/dioimplant.lv\/lv\/#website"},"datePublished":"2022-10-14T18:13:03+00:00","dateModified":"2023-06-27T12:45:24+00:00","breadcrumb":{"@id":"https:\/\/dioimplant.lv\/lv\/par-mums\/#breadcrumb"},"inLanguage":"lv-LV","potentialAction":[{"@type":"ReadAction","target":["https:\/\/dioimplant.lv\/lv\/par-mums\/"]}]},{"@type":"BreadcrumbList","@id":"https:\/\/dioimplant.lv\/lv\/par-mums\/#breadcrumb","itemListElement":[{"@type":"ListItem","position":1,"name":"Home","item":"https:\/\/dioimplant.lv\/lv\/"},{"@type":"ListItem","position":2,"name":"Par mums"}]},{"@type":"WebSite","@id":"https:\/\/dioimplant.lv\/lv\/#website","url":"https:\/\/dioimplant.lv\/lv\/","name":"DIOimplant.LV","description":"For Lifetime Smiles","potentialAction":[{"@type":"SearchAction","target":{"@type":"EntryPoint","urlTemplate":"https:\/\/dioimplant.lv\/lv\/?s={search_term_string}"},"query-input":"required name=search_term_string"}],"inLanguage":"lv-LV"}]}},"_links":{"self":[{"href":"https:\/\/dioimplant.lv\/lv\/wp-json\/wp\/v2\/pages\/2910","targetHints":{"allow":["GET"]}}],"collection":[{"href":"https:\/\/dioimplant.lv\/lv\/wp-json\/wp\/v2\/pages"}],"about":[{"href":"https:\/\/dioimplant.lv\/lv\/wp-json\/wp\/v2\/types\/page"}],"author":[{"embeddable":true,"href":"https:\/\/dioimplant.lv\/lv\/wp-json\/wp\/v2\/users\/3"}],"replies":[{"embeddable":true,"href":"https:\/\/dioimplant.lv\/lv\/wp-json\/wp\/v2\/comments?post=2910"}],"version-history":[{"count":29,"href":"https:\/\/dioimplant.lv\/lv\/wp-json\/wp\/v2\/pages\/2910\/revisions"}],"predecessor-version":[{"id":3305,"href":"https:\/\/dioimplant.lv\/lv\/wp-json\/wp\/v2\/pages\/2910\/revisions\/3305"}],"wp:attachment":[{"href":"https:\/\/dioimplant.lv\/lv\/wp-json\/wp\/v2\/media?parent=2910"}],"curies":[{"name":"wp","href":"https:\/\/api.w.org\/{rel}","templated":true}]}}