

{"id":2943,"date":"2022-10-14T23:39:00","date_gmt":"2022-10-14T20:39:00","guid":{"rendered":"https:\/\/wp.adisoft.lt\/dioimplant\/kontaktai\/"},"modified":"2023-08-01T13:34:04","modified_gmt":"2023-08-01T10:34:04","slug":"kontakti","status":"publish","type":"page","link":"https:\/\/dioimplant.lv\/lv\/kontakti\/","title":{"rendered":"Kontakti"},"content":{"rendered":"<section class=\"wpb-content-wrapper\">[vc_row gap=&#8221;35&#8243; el_id=&#8221;contact-us&#8221;][vc_column][vc_column_text]\n<h1 class=\"display-2 special-title\" style=\"text-align: center;\"><strong>Kontakti<\/strong><\/h1>\n[\/vc_column_text][\/vc_column][\/vc_row][vc_row equal_height=&#8221;yes&#8221; css=&#8221;.vc_custom_1675089155632{background-color: #f7f7f7 !important;}&#8221; el_class=&#8221;contact-page-info&#8221;][vc_column width=&#8221;1\/2&#8243; el_class=&#8221;contact-page-form&#8221; offset=&#8221;vc_col-lg-6 vc_col-xs-12&#8243;][vc_raw_html]W25pbmphX2Zvcm0gaWQ9MV0=[\/vc_raw_html][\/vc_column][vc_column width=&#8221;1\/2&#8243; el_class=&#8221;contact-page-contacts&#8221; offset=&#8221;vc_col-lg-6 vc_col-xs-12&#8243;][vc_column_text]\n<h5>Axis Trade Latvija,SIA<\/h5>\n<p data-pm-slice=\"1 1 []\">Biroja adrese: Aleksandra \u010caka iela 134 \u2013 1, R\u012bga, LV-1012, Latvia<br \/>\nDarba laiks: P.\u2013Pt. 9.00\u201317.00<br \/>\nE-pasts: <a class=\"ProsemirrorEditor-link\" href=\"mailto:info@dioimplant.lv\">info@dioimplant.lv<\/a><br \/>\nT\u0101lrunis: (+371) 220 700 88<br \/>\nUz\u0146\u0113muma kods: 44101017505[\/vc_column_text][\/vc_column][\/vc_row][vc_row content_placement=&#8221;middle&#8221; css=&#8221;.vc_custom_1668693230716{background-color: #f7f7f7 !important;}&#8221; el_class=&#8221;contact-page-map&#8221;][vc_column][vc_empty_space height=&#8221;&#8221; el_class=&#8221;xtd-spacer&#8211;sm&#8221;][vc_raw_html]JTNDaWZyYW1lJTIwc3JjJTNEJTIyaHR0cHMlM0ElMkYlMkZ3d3cuZ29vZ2xlLmNvbSUyRm1hcHMlMkZlbWJlZCUzRnBiJTNEJTIxMW0xOCUyMTFtMTIlMjExbTMlMjExZDIxNzUuMjQ0NTU0NjU4NjE3MyUyMTJkMjQuMTQ0NDIzNDc3ODQyNjkzJTIxM2Q1Ni45NjE3NDMyNzM1NTU1OCUyMTJtMyUyMTFmMCUyMTJmMCUyMTNmMCUyMTNtMiUyMTFpMTAyNCUyMTJpNzY4JTIxNGYxMy4xJTIxM20zJTIxMW0yJTIxMXMweDQ2ZWVjZTQ5ODhkYWE2ZWQlMjUzQTB4ZDM4NDdjODBkYmQ2ODQ2MiUyMTJzQWxla3NhbmRyYSUyNTIwJTI1QzQlMjU4Q2FrYSUyNTIwaWVsYSUyNTIwMTM0LTElMjUyQyUyNTIwTGF0Z2FsZXMlMjUyMHByaWVrJTI1QzUlMjVBMXBpbHMlMjVDNCUyNTkzdGElMjUyQyUyNTIwUiUyNUM0JTI1QUJnYSUyNTJDJTI1MjBMVi0xMDEyJTI1MkMlMjUyMExhdHZpYSUyMTVlMCUyMTNtMiUyMTFzZW4lMjEyc2x0JTIxNHYxNjkwMjg0NTY2NTY3JTIxNW0yJTIxMXNlbiUyMTJzbHQlMjIlMjB3aWR0aCUzRCUyMjEyMDAlMjIlMjBoZWlnaHQlM0QlMjI1MDAlMjIlMjBzdHlsZSUzRCUyMmJvcmRlciUzQTAlM0IlMjIlMjBhbGxvd2Z1bGxzY3JlZW4lM0QlMjIlMjIlMjBsb2FkaW5nJTNEJTIybGF6eSUyMiUyMHJlZmVycmVycG9saWN5JTNEJTIybm8tcmVmZXJyZXItd2hlbi1kb3duZ3JhZGUlMjIlM0UlM0MlMkZpZnJhbWUlM0U=[\/vc_raw_html][vc_empty_space height=&#8221;&#8221; el_class=&#8221;xtd-spacer&#8211;xl&#8221;][\/vc_column][\/vc_row][vc_row][vc_column][vc_empty_space height=&#8221;60px&#8221;][\/vc_column][\/vc_row]\n<\/section>","protected":false},"excerpt":{"rendered":"<p>[vc_row gap=&#8221;35&#8243; el_id=&#8221;contact-us&#8221;][vc_column][vc_column_text] Kontakti [\/vc_column_text][\/vc_column][\/vc_row][vc_row equal_height=&#8221;yes&#8221; css=&#8221;.vc_custom_1675089155632{background-color: #f7f7f7 !important;}&#8221; el_class=&#8221;contact-page-info&#8221;][vc_column width=&#8221;1\/2&#8243; el_class=&#8221;contact-page-form&#8221; offset=&#8221;vc_col-lg-6 vc_col-xs-12&#8243;][vc_raw_html]W25pbmphX2Zvcm0gaWQ9MV0=[\/vc_raw_html][\/vc_column][vc_column width=&#8221;1\/2&#8243; el_class=&#8221;contact-page-contacts&#8221; offset=&#8221;vc_col-lg-6 vc_col-xs-12&#8243;][vc_column_text] Axis Trade Latvija,SIA Biroja adrese: Aleksandra \u010caka iela 134 \u2013 1, R\u012bga, LV-1012, Latvia Darba laiks: P.\u2013Pt. 9.00\u201317.00 E-pasts: info@dioimplant.lv T\u0101lrunis: (+371) 220 700 88 Uz\u0146\u0113muma kods: 44101017505[\/vc_column_text][\/vc_column][\/vc_row][vc_row content_placement=&#8221;middle&#8221; css=&#8221;.vc_custom_1668693230716{background-color: #f7f7f7 !important;}&#8221; el_class=&#8221;contact-page-map&#8221;][vc_column][vc_empty_space height=&#8221;&#8221; el_class=&#8221;xtd-spacer&#8211;sm&#8221;][vc_raw_html]JTNDaWZyYW1lJTIwc3JjJTNEJTIyaHR0cHMlM0ElMkYlMkZ3d3cuZ29vZ2xlLmNvbSUyRm1hcHMlMkZlbWJlZCUzRnBiJTNEJTIxMW0xOCUyMTFtMTIlMjExbTMlMjExZDIxNzUuMjQ0NTU0NjU4NjE3MyUyMTJkMjQuMTQ0NDIzNDc3ODQyNjkzJTIxM2Q1Ni45NjE3NDMyNzM1NTU1OCUyMTJtMyUyMTFmMCUyMTJmMCUyMTNmMCUyMTNtMiUyMTFpMTAyNCUyMTJpNzY4JTIxNGYxMy4xJTIxM20zJTIxMW0yJTIxMXMweDQ2ZWVjZTQ5ODhkYWE2ZWQlMjUzQTB4ZDM4NDdjODBkYmQ2ODQ2MiUyMTJzQWxla3NhbmRyYSUyNTIwJTI1QzQlMjU4Q2FrYSUyNTIwaWVsYSUyNTIwMTM0LTElMjUyQyUyNTIwTGF0Z2FsZXMlMjUyMHByaWVrJTI1QzUlMjVBMXBpbHMlMjVDNCUyNTkzdGElMjUyQyUyNTIwUiUyNUM0JTI1QUJnYSUyNTJDJTI1MjBMVi0xMDEyJTI1MkMlMjUyMExhdHZpYSUyMTVlMCUyMTNtMiUyMTFzZW4lMjEyc2x0JTIxNHYxNjkwMjg0NTY2NTY3JTIxNW0yJTIxMXNlbiUyMTJzbHQlMjIlMjB3aWR0aCUzRCUyMjEyMDAlMjIlMjBoZWlnaHQlM0QlMjI1MDAlMjIlMjBzdHlsZSUzRCUyMmJvcmRlciUzQTAlM0IlMjIlMjBhbGxvd2Z1bGxzY3JlZW4lM0QlMjIlMjIlMjBsb2FkaW5nJTNEJTIybGF6eSUyMiUyMHJlZmVycmVycG9saWN5JTNEJTIybm8tcmVmZXJyZXItd2hlbi1kb3duZ3JhZGUlMjIlM0UlM0MlMkZpZnJhbWUlM0U=[\/vc_raw_html][vc_empty_space height=&#8221;&#8221; el_class=&#8221;xtd-spacer&#8211;xl&#8221;][\/vc_column][\/vc_row][vc_row][vc_column][vc_empty_space height=&#8221;60px&#8221;][\/vc_column][\/vc_row]<\/p>\n","protected":false},"author":3,"featured_media":0,"parent":0,"menu_order":0,"comment_status":"closed","ping_status":"closed","template":"","meta":{"inline_featured_image":false,"footnotes":""},"class_list":["post-2943","page","type-page","status-publish","hentry"],"acf":[],"yoast_head":"<!-- This site is optimized with the Yoast SEO plugin v20.12 - https:\/\/yoast.com\/wordpress\/plugins\/seo\/ -->\n<title>Kontakti - DIOimplant.LV<\/title>\n<meta name=\"robots\" content=\"index, follow, max-snippet:-1, max-image-preview:large, max-video-preview:-1\" \/>\n<link rel=\"canonical\" href=\"https:\/\/dioimplant.lv\/lv\/kontakti\/\" \/>\n<meta property=\"og:locale\" content=\"lv_LV\" \/>\n<meta property=\"og:type\" content=\"article\" \/>\n<meta property=\"og:title\" content=\"Kontakti - DIOimplant.LV\" \/>\n<meta property=\"og:description\" content=\"[vc_row gap=&#8221;35&#8243; el_id=&#8221;contact-us&#8221;][vc_column][vc_column_text] Kontakti [\/vc_column_text][\/vc_column][\/vc_row][vc_row equal_height=&#8221;yes&#8221; css=&#8221;.vc_custom_1675089155632{background-color: #f7f7f7 !important;}&#8221; el_class=&#8221;contact-page-info&#8221;][vc_column width=&#8221;1\/2&#8243; el_class=&#8221;contact-page-form&#8221; offset=&#8221;vc_col-lg-6 vc_col-xs-12&#8243;][vc_raw_html]W25pbmphX2Zvcm0gaWQ9MV0=[\/vc_raw_html][\/vc_column][vc_column width=&#8221;1\/2&#8243; el_class=&#8221;contact-page-contacts&#8221; offset=&#8221;vc_col-lg-6 vc_col-xs-12&#8243;][vc_column_text] Axis Trade Latvija,SIA Biroja adrese: Aleksandra \u010caka iela 134 \u2013 1, R\u012bga, LV-1012, Latvia Darba laiks: P.\u2013Pt. 9.00\u201317.00 E-pasts: info@dioimplant.lv T\u0101lrunis: (+371) 220 700 88 Uz\u0146\u0113muma kods: 44101017505[\/vc_column_text][\/vc_column][\/vc_row][vc_row content_placement=&#8221;middle&#8221; css=&#8221;.vc_custom_1668693230716{background-color: #f7f7f7 !important;}&#8221; el_class=&#8221;contact-page-map&#8221;][vc_column][vc_empty_space height=&#8221;&#8221; el_class=&#8221;xtd-spacer&#8211;sm&#8221;][vc_raw_html]JTNDaWZyYW1lJTIwc3JjJTNEJTIyaHR0cHMlM0ElMkYlMkZ3d3cuZ29vZ2xlLmNvbSUyRm1hcHMlMkZlbWJlZCUzRnBiJTNEJTIxMW0xOCUyMTFtMTIlMjExbTMlMjExZDIxNzUuMjQ0NTU0NjU4NjE3MyUyMTJkMjQuMTQ0NDIzNDc3ODQyNjkzJTIxM2Q1Ni45NjE3NDMyNzM1NTU1OCUyMTJtMyUyMTFmMCUyMTJmMCUyMTNmMCUyMTNtMiUyMTFpMTAyNCUyMTJpNzY4JTIxNGYxMy4xJTIxM20zJTIxMW0yJTIxMXMweDQ2ZWVjZTQ5ODhkYWE2ZWQlMjUzQTB4ZDM4NDdjODBkYmQ2ODQ2MiUyMTJzQWxla3NhbmRyYSUyNTIwJTI1QzQlMjU4Q2FrYSUyNTIwaWVsYSUyNTIwMTM0LTElMjUyQyUyNTIwTGF0Z2FsZXMlMjUyMHByaWVrJTI1QzUlMjVBMXBpbHMlMjVDNCUyNTkzdGElMjUyQyUyNTIwUiUyNUM0JTI1QUJnYSUyNTJDJTI1MjBMVi0xMDEyJTI1MkMlMjUyMExhdHZpYSUyMTVlMCUyMTNtMiUyMTFzZW4lMjEyc2x0JTIxNHYxNjkwMjg0NTY2NTY3JTIxNW0yJTIxMXNlbiUyMTJzbHQlMjIlMjB3aWR0aCUzRCUyMjEyMDAlMjIlMjBoZWlnaHQlM0QlMjI1MDAlMjIlMjBzdHlsZSUzRCUyMmJvcmRlciUzQTAlM0IlMjIlMjBhbGxvd2Z1bGxzY3JlZW4lM0QlMjIlMjIlMjBsb2FkaW5nJTNEJTIybGF6eSUyMiUyMHJlZmVycmVycG9saWN5JTNEJTIybm8tcmVmZXJyZXItd2hlbi1kb3duZ3JhZGUlMjIlM0UlM0MlMkZpZnJhbWUlM0U=[\/vc_raw_html][vc_empty_space height=&#8221;&#8221; el_class=&#8221;xtd-spacer&#8211;xl&#8221;][\/vc_column][\/vc_row][vc_row][vc_column][vc_empty_space height=&#8221;60px&#8221;][\/vc_column][\/vc_row]\" \/>\n<meta property=\"og:url\" content=\"https:\/\/dioimplant.lv\/lv\/kontakti\/\" \/>\n<meta property=\"og:site_name\" content=\"DIOimplant.LV\" \/>\n<meta property=\"article:modified_time\" content=\"2023-08-01T10:34:04+00:00\" \/>\n<meta name=\"twitter:card\" content=\"summary_large_image\" \/>\n<meta name=\"twitter:label1\" content=\"Est. reading time\" \/>\n\t<meta name=\"twitter:data1\" content=\"1 minute\" \/>\n<script type=\"application\/ld+json\" class=\"yoast-schema-graph\">{\"@context\":\"https:\/\/schema.org\",\"@graph\":[{\"@type\":\"WebPage\",\"@id\":\"https:\/\/dioimplant.lv\/lv\/kontakti\/\",\"url\":\"https:\/\/dioimplant.lv\/lv\/kontakti\/\",\"name\":\"Kontakti - DIOimplant.LV\",\"isPartOf\":{\"@id\":\"https:\/\/dioimplant.lv\/lv\/#website\"},\"datePublished\":\"2022-10-14T20:39:00+00:00\",\"dateModified\":\"2023-08-01T10:34:04+00:00\",\"breadcrumb\":{\"@id\":\"https:\/\/dioimplant.lv\/lv\/kontakti\/#breadcrumb\"},\"inLanguage\":\"lv-LV\",\"potentialAction\":[{\"@type\":\"ReadAction\",\"target\":[\"https:\/\/dioimplant.lv\/lv\/kontakti\/\"]}]},{\"@type\":\"BreadcrumbList\",\"@id\":\"https:\/\/dioimplant.lv\/lv\/kontakti\/#breadcrumb\",\"itemListElement\":[{\"@type\":\"ListItem\",\"position\":1,\"name\":\"Home\",\"item\":\"https:\/\/dioimplant.lv\/lv\/\"},{\"@type\":\"ListItem\",\"position\":2,\"name\":\"Kontakti\"}]},{\"@type\":\"WebSite\",\"@id\":\"https:\/\/dioimplant.lv\/lv\/#website\",\"url\":\"https:\/\/dioimplant.lv\/lv\/\",\"name\":\"DIOimplant.LV\",\"description\":\"For Lifetime Smiles\",\"potentialAction\":[{\"@type\":\"SearchAction\",\"target\":{\"@type\":\"EntryPoint\",\"urlTemplate\":\"https:\/\/dioimplant.lv\/lv\/?s={search_term_string}\"},\"query-input\":\"required name=search_term_string\"}],\"inLanguage\":\"lv-LV\"}]}<\/script>\n<!-- \/ Yoast SEO plugin. -->","yoast_head_json":{"title":"Kontakti - DIOimplant.LV","robots":{"index":"index","follow":"follow","max-snippet":"max-snippet:-1","max-image-preview":"max-image-preview:large","max-video-preview":"max-video-preview:-1"},"canonical":"https:\/\/dioimplant.lv\/lv\/kontakti\/","og_locale":"lv_LV","og_type":"article","og_title":"Kontakti - DIOimplant.LV","og_description":"[vc_row gap=&#8221;35&#8243; el_id=&#8221;contact-us&#8221;][vc_column][vc_column_text] Kontakti [\/vc_column_text][\/vc_column][\/vc_row][vc_row equal_height=&#8221;yes&#8221; css=&#8221;.vc_custom_1675089155632{background-color: #f7f7f7 !important;}&#8221; el_class=&#8221;contact-page-info&#8221;][vc_column width=&#8221;1\/2&#8243; el_class=&#8221;contact-page-form&#8221; offset=&#8221;vc_col-lg-6 vc_col-xs-12&#8243;][vc_raw_html]W25pbmphX2Zvcm0gaWQ9MV0=[\/vc_raw_html][\/vc_column][vc_column width=&#8221;1\/2&#8243; el_class=&#8221;contact-page-contacts&#8221; offset=&#8221;vc_col-lg-6 vc_col-xs-12&#8243;][vc_column_text] Axis Trade Latvija,SIA Biroja adrese: Aleksandra \u010caka iela 134 \u2013 1, R\u012bga, LV-1012, Latvia Darba laiks: P.\u2013Pt. 9.00\u201317.00 E-pasts: info@dioimplant.lv T\u0101lrunis: (+371) 220 700 88 Uz\u0146\u0113muma kods: 44101017505[\/vc_column_text][\/vc_column][\/vc_row][vc_row content_placement=&#8221;middle&#8221; css=&#8221;.vc_custom_1668693230716{background-color: #f7f7f7 !important;}&#8221; el_class=&#8221;contact-page-map&#8221;][vc_column][vc_empty_space height=&#8221;&#8221; el_class=&#8221;xtd-spacer&#8211;sm&#8221;][vc_raw_html]JTNDaWZyYW1lJTIwc3JjJTNEJTIyaHR0cHMlM0ElMkYlMkZ3d3cuZ29vZ2xlLmNvbSUyRm1hcHMlMkZlbWJlZCUzRnBiJTNEJTIxMW0xOCUyMTFtMTIlMjExbTMlMjExZDIxNzUuMjQ0NTU0NjU4NjE3MyUyMTJkMjQuMTQ0NDIzNDc3ODQyNjkzJTIxM2Q1Ni45NjE3NDMyNzM1NTU1OCUyMTJtMyUyMTFmMCUyMTJmMCUyMTNmMCUyMTNtMiUyMTFpMTAyNCUyMTJpNzY4JTIxNGYxMy4xJTIxM20zJTIxMW0yJTIxMXMweDQ2ZWVjZTQ5ODhkYWE2ZWQlMjUzQTB4ZDM4NDdjODBkYmQ2ODQ2MiUyMTJzQWxla3NhbmRyYSUyNTIwJTI1QzQlMjU4Q2FrYSUyNTIwaWVsYSUyNTIwMTM0LTElMjUyQyUyNTIwTGF0Z2FsZXMlMjUyMHByaWVrJTI1QzUlMjVBMXBpbHMlMjVDNCUyNTkzdGElMjUyQyUyNTIwUiUyNUM0JTI1QUJnYSUyNTJDJTI1MjBMVi0xMDEyJTI1MkMlMjUyMExhdHZpYSUyMTVlMCUyMTNtMiUyMTFzZW4lMjEyc2x0JTIxNHYxNjkwMjg0NTY2NTY3JTIxNW0yJTIxMXNlbiUyMTJzbHQlMjIlMjB3aWR0aCUzRCUyMjEyMDAlMjIlMjBoZWlnaHQlM0QlMjI1MDAlMjIlMjBzdHlsZSUzRCUyMmJvcmRlciUzQTAlM0IlMjIlMjBhbGxvd2Z1bGxzY3JlZW4lM0QlMjIlMjIlMjBsb2FkaW5nJTNEJTIybGF6eSUyMiUyMHJlZmVycmVycG9saWN5JTNEJTIybm8tcmVmZXJyZXItd2hlbi1kb3duZ3JhZGUlMjIlM0UlM0MlMkZpZnJhbWUlM0U=[\/vc_raw_html][vc_empty_space height=&#8221;&#8221; el_class=&#8221;xtd-spacer&#8211;xl&#8221;][\/vc_column][\/vc_row][vc_row][vc_column][vc_empty_space height=&#8221;60px&#8221;][\/vc_column][\/vc_row]","og_url":"https:\/\/dioimplant.lv\/lv\/kontakti\/","og_site_name":"DIOimplant.LV","article_modified_time":"2023-08-01T10:34:04+00:00","twitter_card":"summary_large_image","twitter_misc":{"Est. reading time":"1 minute"},"schema":{"@context":"https:\/\/schema.org","@graph":[{"@type":"WebPage","@id":"https:\/\/dioimplant.lv\/lv\/kontakti\/","url":"https:\/\/dioimplant.lv\/lv\/kontakti\/","name":"Kontakti - DIOimplant.LV","isPartOf":{"@id":"https:\/\/dioimplant.lv\/lv\/#website"},"datePublished":"2022-10-14T20:39:00+00:00","dateModified":"2023-08-01T10:34:04+00:00","breadcrumb":{"@id":"https:\/\/dioimplant.lv\/lv\/kontakti\/#breadcrumb"},"inLanguage":"lv-LV","potentialAction":[{"@type":"ReadAction","target":["https:\/\/dioimplant.lv\/lv\/kontakti\/"]}]},{"@type":"BreadcrumbList","@id":"https:\/\/dioimplant.lv\/lv\/kontakti\/#breadcrumb","itemListElement":[{"@type":"ListItem","position":1,"name":"Home","item":"https:\/\/dioimplant.lv\/lv\/"},{"@type":"ListItem","position":2,"name":"Kontakti"}]},{"@type":"WebSite","@id":"https:\/\/dioimplant.lv\/lv\/#website","url":"https:\/\/dioimplant.lv\/lv\/","name":"DIOimplant.LV","description":"For Lifetime Smiles","potentialAction":[{"@type":"SearchAction","target":{"@type":"EntryPoint","urlTemplate":"https:\/\/dioimplant.lv\/lv\/?s={search_term_string}"},"query-input":"required name=search_term_string"}],"inLanguage":"lv-LV"}]}},"_links":{"self":[{"href":"https:\/\/dioimplant.lv\/lv\/wp-json\/wp\/v2\/pages\/2943","targetHints":{"allow":["GET"]}}],"collection":[{"href":"https:\/\/dioimplant.lv\/lv\/wp-json\/wp\/v2\/pages"}],"about":[{"href":"https:\/\/dioimplant.lv\/lv\/wp-json\/wp\/v2\/types\/page"}],"author":[{"embeddable":true,"href":"https:\/\/dioimplant.lv\/lv\/wp-json\/wp\/v2\/users\/3"}],"replies":[{"embeddable":true,"href":"https:\/\/dioimplant.lv\/lv\/wp-json\/wp\/v2\/comments?post=2943"}],"version-history":[{"count":23,"href":"https:\/\/dioimplant.lv\/lv\/wp-json\/wp\/v2\/pages\/2943\/revisions"}],"predecessor-version":[{"id":3544,"href":"https:\/\/dioimplant.lv\/lv\/wp-json\/wp\/v2\/pages\/2943\/revisions\/3544"}],"wp:attachment":[{"href":"https:\/\/dioimplant.lv\/lv\/wp-json\/wp\/v2\/media?parent=2943"}],"curies":[{"name":"wp","href":"https:\/\/api.w.org\/{rel}","templated":true}]}}