

{"id":3332,"date":"2023-06-28T08:57:00","date_gmt":"2023-06-28T05:57:00","guid":{"rendered":"https:\/\/dioimplant.lv\/privatuma-politika\/"},"modified":"2023-06-29T14:24:25","modified_gmt":"2023-06-29T11:24:25","slug":"privatuma-politika","status":"publish","type":"page","link":"https:\/\/dioimplant.lv\/lv\/privatuma-politika\/","title":{"rendered":"Priv\u0101tuma politika"},"content":{"rendered":"\n<p class=\"has-large-font-size\"><strong>PRIV\u0100TUMA POLITIKA<\/strong><\/p>\n\n\n\n<p class=\"has-medium-font-size\"><strong>PAR PERSONAS DATU APSTR\u0100DI<\/strong><\/p>\n\n\n\n<p>\u0160is priv\u0101tuma pazi\u0146ojums satur inform\u0101ciju par<strong> \u201cAxis Trade Latvija\u201d (turpm\u0101k \u2013 Uz\u0146\u0113mums)<\/strong> veikto personas datu apstr\u0101di.<br>Uz\u0146\u0113mums atz\u012bst, ka personas datu aizsardz\u012bba ir svar\u012bga saviem klientiem un sadarb\u012bbas partneriem un citiem datu subjektiem (turpm\u0101k \u2013 datu subjekti), un ap\u0146emas respekt\u0113t un aizsarg\u0101t katra datu subjekta priv\u0101tumu.<\/p>\n\n\n\n<p>\u0160is priv\u0101tuma pazi\u0146ojums ir paredz\u0113ts jums, m\u016bsu klientiem un partneriem un j\u016bsu p\u0101rst\u0101vjiem (darbiniekiem un cit\u0101m pilnvarot\u0101m person\u0101m, kuras uztur attiec\u012bbas ar Uz\u0146\u0113mumu). Ar to Sabiedr\u012bba skaidro un inform\u0113 par to, k\u0101 tiek apstr\u0101d\u0101ti personas dati un k\u0101das ties\u012bbas ir Jums un J\u016bsu p\u0101rst\u0101vjiem.<\/p>\n\n\n\n<p>Apstr\u0101d\u0101jot personas datus, Sabiedr\u012bba iev\u0113ro visus personas datu aizsardz\u012bbu regul\u0113jo\u0161os ties\u012bbu aktus, kompetento iest\u0101\u017eu nor\u0101d\u012bjumus, k\u0101 ar\u012b noteiktos standartus un proced\u016bras, kas nodro\u0161ina, ka personas dati tiek apstr\u0101d\u0101ti prec\u012bzi, god\u012bgi, likum\u012bgi, p\u0101rskat\u0101mi un dro\u0161i.<\/p>\n\n\n\n<p>Personas datu p\u0101rzinis \u2013 \u201cAxis Trade Latvija\u201d, <strong>Uz\u0146\u0113muma kods: 44101017505<\/strong>, re\u0123istr\u0101cijas adrese: Aleksandra \u010caka iela 134 &#8211; 1, R\u012bga, LV-1012, Latvia, <\/p>\n\n\n\n<p><strong>e-pasts:info@dioimplant.lv, tel. N\u0113.+371 22577777.<\/strong> <\/p>\n\n\n\n<p>Uz\u0146\u0113mums ir nor\u012bkojis par personas datu aizsardz\u012bbu atbild\u012bgo personu, ar kuru varat sazin\u0101ties, izmantojot nor\u0101d\u012btos kontaktus.<\/p>\n\n\n\n<p>Personas datus Sabiedr\u012bbai sniedzat br\u012bvpr\u0101t\u012bgi. Uz\u0146\u0113mumam tie ir j\u0101apstr\u0101d\u0101, lai var\u0113tu sl\u0113gt ar Jums l\u012bgumus, pareizi pild\u012bt pret Jums uz\u0146emt\u0101s saist\u012bbas un citas juridiskas saist\u012bbas. Ja nesniegsiet personas datus, Sabiedr\u012bba nevar\u0113s ar Jums sl\u0113gt dar\u012bjumus un sniegt citus Jums nepiecie\u0161amos pakalpojumus.<\/p>\n\n\n\n<p>Personas datu apstr\u0101des m\u0113r\u0137i un tiesiskie pamati \u2013 l\u012bgumu sl\u0113g\u0161ana un izpilde ar klientiem, tai skait\u0101 par\u0101du piedzi\u0146a no pirc\u0113jiem, kuri nepilda saist\u012bbas (juridiskais pamats: datu apstr\u0101de nepiecie\u0161ama l\u012bguma izpildei; ar\u012b datu apstr\u0101de nepiecie\u0161ama Sabiedr\u012bbas le\u0123it\u012bmo intere\u0161u \u012bsteno\u0161anai un J\u016bs, Sabiedr\u012bbai apstr\u0101d\u0101jot J\u016bsu nor\u0101d\u012btos attiec\u012bbu uztur\u0113\u0161anai ar Sabiedr\u012bbu pilnvaroto p\u0101rst\u0101vju personas datus), saimniecisk\u0101s darb\u012bbas oblig\u0101to uzskaiti (juridiskais pamats: Sabiedr\u012bbai piem\u0113rojamo juridisko saist\u012bbu izpilde), saimniecisk\u0101s darb\u012bbas anal\u012bzi (statistikas) (juridisk\u0101) Pamats: Sabiedr\u012bbas le\u0123it\u012bm\u0101s intereses analiz\u0113t savu saimniecisko darb\u012bbu un veikt to statistiku).<\/p>\n\n\n\n<p>Uz\u0146\u0113muma apstr\u0101d\u0101to personas datu sa\u0146\u0113m\u0113ji ir uz\u0146\u0113muma darbinieki, k\u0101 ar\u012b uz\u0146\u0113muma partneri, kuriem, lai izpild\u012btu savas saist\u012bbas pret Jums, m\u0113s atsevi\u0161\u0137os gad\u012bjumos nododam J\u016bsu pas\u016bt\u012bjumu izpildei nepiecie\u0161amos personas datus. Ties\u012bbu aktos noteiktajos gad\u012bjumos, pildot savus pien\u0101kumus, Sabiedr\u012bba sniedz J\u016bsu datus attiec\u012bgaj\u0101m valsts instit\u016bcij\u0101m.<\/p>\n\n\n\n<p><strong>K\u0101 un k\u0101p\u0113c m\u0113s apkopojam un izmantojam j\u016bsu personas datus<\/strong><\/p>\n\n\n\n<p><strong>\u201cAxis Trade Latvija\u201d<\/strong>\u00a0ir nepiecie\u0161ami j\u016bsu personas dati, kurus var sav\u0101kt t\u0101l\u0101k aprakst\u012btajos veidos. <\/p>\n\n\n\n<p>M\u016bsu priv\u0101tuma politik\u0101 m\u0113s past\u0101st\u0101m, ko j\u016bs varat sagaid\u012bt, kad uz\u0146\u0113mums iev\u0101c personas datus par:<br>\u2022 t\u012bmek\u013ca vietnes (www.dioimplant.lv) apmekl\u0113t\u0101jiem;<br>\u2022 personas, kas ar mums ir sazin\u0101ju\u0161\u0101s;<br>\u2022 personas, kuras ir ieg\u0101d\u0101ju\u0161\u0101s m\u016bsu produktus;<br>\u2022 darba kandid\u0101ti.<\/p>\n\n\n\n<p><strong>Sazinies ar mums<\/strong><\/p>\n\n\n\n<p>Ir vair\u0101ki veidi, k\u0101 j\u016bs varat sazin\u0101ties ar mums m\u016bsu vietn\u0113. M\u0113s pa\u0161i sa\u0146emam, izskat\u0101m un atbildam uz visiem zi\u0146ojumiem. Lai sazin\u0101tos ar mums vietn\u0113, j\u016bs nor\u0101d\u012bsiet savu v\u0101rdu, uzv\u0101rdu, t\u0101lru\u0146a numuru un e-pastu. Ja j\u016bs sazin\u0101ties ar mums pa e-pastu pa pastu, m\u0113s apstr\u0101d\u0101sim J\u016bsu datus: J\u016bsu v\u0101rds, e-pasts e-pasta adresi un sarakstes tekstu. \u0160\u0101di dati tiks apstr\u0101d\u0101ti, lai sagatavotos l\u012bguma izpildei. Ja nenor\u0101d\u012bsiet savu kontaktinform\u0101ciju, ar jums neb\u016bs iesp\u0113jams sazin\u0101ties. L\u016bdzu, \u0146emiet v\u0113r\u0101, ka vietne var izmantot ar\u012b e-pastu. e-pasta uzraudz\u012bbas vai blo\u0137\u0113\u0161anas programmat\u016bra, un jums ir j\u0101nodro\u0161ina, lai j\u016bsu nos\u016bt\u012btie e-pasta zi\u0146ojumi nesatur nelikum\u012bgu saturu. Ja pas\u016bt\u012bjums tiek izpild\u012bts, pas\u016bt\u012bjuma elektronisk\u0101 versija tiek saglab\u0101ta noteiktaj\u0101 k\u0101rt\u012bb\u0101, un, ja pas\u016bt\u012bjums netiek izpild\u012bts, piepras\u012bjuma veidlapa un korespondence tiek dz\u0113sta no uz\u0146\u0113muma e-pasta, iz\u0146emot inform\u0101ciju, kurai ir citi noteikumi. noteikts glab\u0101\u0161anai Priv\u0101tuma politik\u0101 vai ties\u012bbu aktos.<\/p>\n\n\n\n<p>Jebkuri personas dati, ko sniedzat, sazinoties ar mums, tiek izmantoti tikai iepriek\u0161 min\u0113tajiem nol\u016bkiem un zi\u0146ojumu apskatei un sazi\u0146as pl\u016bsmu administr\u0113\u0161anai un p\u0101rvald\u012bbai. M\u0113s ap\u0146emamies neizmantot j\u016bsu personas datus nek\u0101d\u0101s publik\u0101cij\u0101s bez j\u016bsu nep\u0101rprotamas piekri\u0161anas t\u0101d\u0101 veid\u0101, lai b\u016btu iesp\u0113jams noteikt j\u016bsu personas identit\u0101ti. L\u016bdzu, \u0146emiet v\u0113r\u0101, ka mums, iesp\u0113jams, b\u016bs j\u0101sazin\u0101s ar jums pa pastu, e-pastu. pa pastu vai telefonu. Neaizmirstiet m\u016bs inform\u0113t par izmai\u0146\u0101m j\u016bsu personas datos.<\/p>\n\n\n\n<p>Parasti m\u0113s neizpau\u017eam J\u016bsu personas datus, ta\u010du, lai nodro\u0161in\u0101tu nep\u0101rtrauktu darb\u012bbas nep\u0101rtraukt\u012bbu un pareizu pakalpojumu snieg\u0161anu un pre\u010du pieg\u0101di, inform\u0101ciju par Jums izpau\u017eam saviem darbiniekiem: administr\u0101cijai, vad\u012bt\u0101jiem, ra\u017eo\u0161anas meistaram, ja tas pamatoti nepiecie\u0161ams. \u0161aj\u0101 Priv\u0101tuma politik\u0101 nor\u0101d\u012btajiem m\u0113r\u0137iem. Noteiktos apst\u0101k\u013cos mums var b\u016bt pien\u0101kums p\u0101rs\u016bt\u012bt personas datus, ja:<\/p>\n\n\n\n<ol class=\"wp-block-list\">\n<li>mums ir j\u0101atkl\u0101j inform\u0101cija saska\u0146\u0101 ar likumu, tai skait\u0101 gad\u012bjumos, kad mums ir j\u0101atkl\u0101j personas dati nodok\u013cu administratoram un ties\u012bbsarg\u0101jo\u0161aj\u0101m iest\u0101d\u0113m noziegumu nov\u0113r\u0161anas un atkl\u0101\u0161anas nol\u016bkos;<\/li>\n\n\n\n<li>mums ir j\u0101atkl\u0101j personas dati saist\u012bb\u0101 ar tiesved\u012bbu vai lai sa\u0146emtu juridisku konsult\u0101ciju, vai ar\u012b izpau\u0161ana ir nepiecie\u0161ama, lai noteiktu, \u012bstenotu vai aizst\u0101v\u0113tu m\u016bsu ties\u012bbas;<\/li>\n\n\n\n<li>izpau\u0161ana ir nepiecie\u0161ama, lai aizsarg\u0101tu m\u016bsu vai citu personu intereses (piem\u0113ram, lai nov\u0113rstu kr\u0101p\u0161anu);<\/li>\n\n\n\n<li>inform\u0101ciju nepiecie\u0161ams izpaust, lai aizsarg\u0101tu J\u016bsu vit\u0101li svar\u012bg\u0101s intereses (piem\u0113ram, ja Jums m\u016bsu telp\u0101s ir slikti un mums ir j\u0101mekl\u0113 medic\u012bnisk\u0101 pal\u012bdz\u012bba); <\/li>\n<\/ol>\n\n\n\n<p>Uz\u0146\u0113mums neglab\u0101 apstr\u0101d\u0101tos personas datus ilg\u0101k, nek\u0101 to prasa vai paredz ties\u012bbu akti datu apstr\u0101des m\u0113r\u0137i vai beidzas jebk\u0101du pretenziju noilgums.<\/p>\n\n\n\n<p>Jums ir ties\u012bbas piepras\u012bt, lai Sabiedr\u012bba \u013cauj piek\u013c\u016bt J\u016bsu apstr\u0101d\u0101tajiem personas datiem, piepras\u012bt to labo\u0161anu vai dz\u0113\u0161anu, vai ierobe\u017eot datu apstr\u0101di, vai ties\u012bbas iebilst pret datu apstr\u0101di, k\u0101 ar\u012b ties\u012bbas uz datu p\u0101rnesam\u012bbu.<\/p>\n\n\n\n<p>Kad Uz\u0146\u0113mums apstr\u0101d\u0101 j\u016bsu personas datus, pamatojoties uz le\u0123it\u012bm\u0101m interes\u0113m, jums ir ties\u012bbas ar j\u016bsu konkr\u0113to gad\u012bjumu saist\u012btu iemeslu d\u0113\u013c jebkur\u0101 laik\u0101 nepiekrist j\u016bsu personas datu apstr\u0101dei no uz\u0146\u0113muma puses.<\/p>\n\n\n\n<p>Ties\u012bbas piepras\u012bt datu dz\u0113\u0161anu, ties\u012bbas ierobe\u017eot datu apstr\u0101di, ties\u012bbas uz datu p\u0101rnesam\u012bbu un ties\u012bbas iebilst pret datu apstr\u0101di nav absol\u016btas un ties\u012bbu akti var paredz\u0113t papildu nosac\u012bjumus to \u012bsteno\u0161anai.<\/p>\n\n\n\n<p>Jums ir ties\u012bbas l\u016bgt m\u016bs dz\u0113st j\u016bsu personas datus. L\u016bdzu, \u0146emiet v\u0113r\u0101, ka m\u0113s var\u0113sim izpild\u012bt \u0161\u0101du piepras\u012bjumu tikai tad, ja:<\/p>\n\n\n\n<p>\u2022 J\u016bsu personas dati vairs nav nepiecie\u0161ami, lai izpild\u012btu m\u0113r\u0137us, kuriem tie tika v\u0101kti (piem\u0113ram, mums ir nepiecie\u0161ami j\u016bsu personas dati, lai var\u0113tu atbild\u0113t uz j\u016bsu v\u0113stul\u0113m);<br>\u2022 mums ar likumu ir aizliegts v\u0101kt, uzglab\u0101t vai izmantot personas datus;<br>\u2022 J\u016bsu personas dati nav nepiecie\u0161ami, lai izveidotu, \u012bstenotu vai aizst\u0101v\u0113tu juridisku pras\u012bbu, piem\u0113ram, tiesas proces\u0101.<\/p>\n\n\n\n<p>Jums ir ties\u012bbas l\u016bgt mums ierobe\u017eot j\u016bsu personas datu apstr\u0101di vai tos neapstr\u0101d\u0101t:<\/p>\n\n\n\n<p>\u2022 laik\u0101, kas nepiecie\u0161ams, lai m\u0113s var\u0113tu p\u0101rbaud\u012bt j\u016bsu personas datu pareiz\u012bbu, kad iesniedzat pretenzijas par datu pareiz\u012bbu;<br>\u2022 kad j\u016bsu personas datu v\u0101k\u0161ana, glab\u0101\u0161ana vai izmanto\u0161ana ir nelikum\u012bga, bet j\u016bs nolemjat nepiepras\u012bt datu dz\u0113\u0161anu;<br>\u2022 kad mums vairs nav nepiecie\u0161ami j\u016bsu personas dati, bet jums tie ir nepiecie\u0161ami, lai izveidotu, izpild\u012btu vai aizst\u0101v\u0113tu juridisku pras\u012bbu;<br>\u2022 uz laiku, kas nepiecie\u0161ams, lai noteiktu, vai mums ir prim\u0101rs tiesiskais pamats turpin\u0101t j\u016bsu personas datu apstr\u0101di, ja esat izmantojis savas ties\u012bbas iebilst pret personas datu apstr\u0101di.<\/p>\n\n\n\n<p>Jums ir ties\u012bbas uz datu p\u0101rs\u016bt\u012b\u0161anu, ko esam sa\u0146\u0113mu\u0161i no jums ar j\u016bsu piekri\u0161anu vai l\u012bguma nosl\u0113g\u0161anas nol\u016bkos. P\u0113c \u0161o ties\u012bbu izmanto\u0161anas m\u0113s p\u0113c j\u016bsu piepras\u012bjuma p\u0101rs\u016bt\u012bsim j\u016bsu sniegto datu kopiju.<\/p>\n\n\n\n<p>Jums ir ties\u012bbas iebilst pret to, ka m\u0113s izmantojam j\u016bsu personas datus:<\/p>\n\n\n\n<p>\u2022 kad m\u0113s izmantojam \u0161\u0101dus datus savu le\u0123it\u012bmo intere\u0161u nodro\u0161in\u0101\u0161anai, bet mums nav svar\u012bg\u0101ka tiesisk\u0101 pamata turpin\u0101t izmantot j\u016bsu personas datus;<\/p>\n\n\n\n<p><strong>S\u016bdz\u012bbas<\/strong><\/p>\n\n\n\n<p>J\u016bs esat mums svar\u012bgi, un mums ir svar\u012bgi nodro\u0161in\u0101t j\u016bsu personas datu aizsardz\u012bbu. M\u0113s piem\u0113rojam stingrus standartus personas datu v\u0101k\u0161anai un izmanto\u0161anai. T\u0101p\u0113c m\u0113s \u013coti nopietni uztveram visas s\u016bdz\u012bbas par j\u016bsu personas datu izmanto\u0161anu un, l\u016bdzu, inform\u0113jiet m\u016bs par jebk\u0101d\u0101m ar to saist\u012bt\u0101m probl\u0113m\u0101m. Kad j\u016bs sazin\u0101ties ar mums, lai iesniegtu s\u016bdz\u012bbu, m\u0113s izmantojam j\u016bsu personas datus tikai, lai izskat\u012btu s\u016bdz\u012bbu un atbild\u0113tu uz to, k\u0101 ar\u012b nov\u0113rt\u0113tu m\u016bsu pakalpojumu kvalit\u0101ti. Ja sa\u0146emam s\u016bdz\u012bbu par k\u0101du m\u016bsu komandas locekli, mums, iesp\u0113jams, b\u016bs j\u0101atkl\u0101j \u0161ai personai j\u016bsu person\u012bg\u0101 identit\u0101te. J\u016bs varat nor\u0101d\u012bt, ka nev\u0113laties, lai tiktu atkl\u0101ta j\u016bsu personu identific\u0113jo\u0161\u0101 inform\u0101cija, un m\u0113s cent\u012bsimies izpild\u012bt j\u016bsu piepras\u012bjumu. Tom\u0113r anon\u012bmi izskat\u012bt s\u016bdz\u012bbu ne vienm\u0113r var b\u016bt iesp\u0113jams. Ja j\u016bs neapmierina m\u016bsu atbilde, varat ar\u012b iesniegt s\u016bdz\u012bbu tie\u0161i Datu aizsardz\u012bbas inspekcij\u0101. Jums ir ar\u012b ties\u012bbas iesniegt s\u016bdz\u012bbu uzraudz\u012bbas iest\u0101dei taj\u0101 dal\u012bbvalst\u012b, kur\u0101 ir j\u016bsu past\u0101v\u012bg\u0101 dz\u012bvesvieta, darba vieta vai vieta, kur izdar\u012bts iesp\u0113jamais p\u0101rk\u0101pums.<\/p>\n\n\n\n<p>Ja J\u016bs uztrauc Sabiedr\u012bbas r\u012bc\u012bba\/bezdarb\u012bba, kuras d\u0113\u013c uzskat\u0101t, ka \u0161\u012b priv\u0101tuma pazi\u0146ojuma vai ties\u012bbu aktu pras\u012bbas var netikt iev\u0113rotas, J\u016bs varat sazin\u0101ties ar Sabiedr\u012bbu jebkur\u0101 laik\u0101, jebkur\u0101 Jums \u0113rt\u0101 veid\u0101.<\/p>\n\n\n\n<p>Ja jaut\u0101jumu nav iesp\u0113jams atrisin\u0101t ar Sabiedr\u012bbu, Jums ir ties\u012bbas v\u0113rsties Datu aizsardz\u012bbas valsts inspekcij\u0101, kas ir atbild\u012bga par personas datu aizsardz\u012bbu regul\u0113jo\u0161o ties\u012bbu aktu uzraudz\u012bbu un kontroli.<br>Nepiecie\u0161am\u012bbas gad\u012bjum\u0101 Sabiedr\u012bbai ir ties\u012bbas aktualiz\u0113t augst\u0101k min\u0113to inform\u0101ciju.<\/p>\n\n\n\n<p><strong>S\u012aKDEK\u013bU POLITIKA<\/strong><\/p>\n\n\n\n<p><strong>Kas ir s\u012bkdatnes?<\/strong><br>S\u012bkdatne ir neliels teksta fails, ko vietne saglab\u0101 j\u016bsu dator\u0101 vai mobilaj\u0101 ier\u012bc\u0113, kad to apmekl\u0113jat.<br>S\u012bkdat\u0146u m\u0113r\u0137is ir \u013caut vietnei noteiktu laika periodu atcer\u0113ties lietot\u0101ja preferences (piem\u0113ram, lietot\u0101jv\u0101rdu, valodu utt.).<\/p>\n\n\n\n<p><strong>K\u0101 m\u0113s izmantojam s\u012bkfailus?<\/strong><br>Vietne galvenok\u0101rt izmanto pirm\u0101s puses s\u012bkfailus. \u0160\u012bs s\u012bkdatnes iestata un kontrol\u0113 vietne, nevis \u0101r\u0113ja organiz\u0101cija.<\/p>\n\n\n\n<p><em>1. veids \u2013 oblig\u0101ti<\/em><\/p>\n\n\n\n<p>\u0160\u012bs s\u012bkdatnes ir nepiecie\u0161amas, lai p\u0101rl\u016bkprogrammas pamatfunkcijas darbotos. Bez tiem t\u0101di pakalpojumi k\u0101 iepirkumu grozs vai elektroniskie maks\u0101jumi neb\u016btu iesp\u0113jami.<\/p>\n\n\n\n<p><em>2. veids \u2014 lapas anal\u012bze<\/em><\/p>\n\n\n\n<p>\u0160\u0101da veida s\u012bkdatnes ir paredz\u0113tas, lai apkopotu inform\u0101ciju par vietnes lieto\u0161anu. Piem\u0113ram, kuras lapas tiek apmekl\u0113tas visvair\u0101k. M\u0113s varam izmantot \u0161os datus, lai uzlabotu vietni vai v\u0101ktu statistiku. \u0160\u012bs s\u012bkdatnes neapkopo inform\u0101ciju, kas j\u016bs identific\u0113.<\/p>\n\n\n\n<p><em>3. tips \u2013 funkcionalit\u0101tei<\/em><\/p>\n\n\n\n<p>\u0160\u0101da veida s\u012bkdatnes saglab\u0101jas ar\u012b p\u0113c p\u0101rl\u016bkprogrammas aizv\u0113r\u0161anas \u2013 t\u0101s tiek izmantotas t\u0101das funkcionalit\u0101tes nodro\u0161in\u0101\u0161anai k\u0101 autom\u0101tisk\u0101s re\u0123istr\u0101cijas atcer\u0113\u0161an\u0101s un lab\u0101ku pakalpojumu piel\u0101go\u0161ana konkr\u0113tam lietot\u0101jam. Piem\u0113ram, m\u0113s varam saglab\u0101t j\u016bsu pas\u016bt\u012bjuma inform\u0101ciju, lai jums tie neb\u016btu j\u0101ievada atk\u0101rtoti n\u0101kamreiz, kad ierad\u012bsities.<\/p>\n\n\n\n<p><strong>Konkr\u0113tas s\u012bkdatnes, kuras m\u0113s izmantojam<\/strong><br>Zem\u0101k eso\u0161aj\u0101 tabul\u0101 par\u0101d\u012btas konkr\u0113tas s\u012bkdatnes, kuras m\u0113s izmantojam.<\/p>\n\n\n\n<figure class=\"wp-block-table\"><table><tbody><tr><td><strong>Nosaukums<\/strong><\/td><td><strong>Tips<\/strong><\/td><td><strong>Apraksts<\/strong><\/td><td>I<strong>lgums<\/strong><\/td><\/tr><tr><td>_ga<\/td><td>Analytics<\/td><td>\u0160is s\u012bkfaila nosaukums ir saist\u012bts ar Google Universal Analytics&nbsp;\u2014 noz\u012bm\u012bgu Google bie\u017e\u0101k izmantot\u0101 anal\u012bzes pakalpojuma atjaunin\u0101jumu. \u0160o s\u012bkfailu izmanto, lai at\u0161\u0137irtu unik\u0101los lietot\u0101jus, k\u0101 klienta identifikatoru pie\u0161\u0137irot nejau\u0161i \u0123ener\u0113tu numuru. Tas ir iek\u013cauts katr\u0101 vietnes lapas piepras\u012bjum\u0101 un tiek izmantots, lai apr\u0113\u0137in\u0101tu apmekl\u0113t\u0101ju, sesijas un kampa\u0146as datus vietnes anal\u012bzes p\u0101rskatiem.<\/td><td>2 gad\u0101<\/td><\/tr><tr><td>_ga_*<\/td><td>Analytics<\/td><td>\u0160o s\u012bkfailu izmanto Google Analytics, lai uztur\u0113tu sesiju.<\/td><td>2 gad\u0101<\/td><\/tr><tr><td>wp-wpml_current_language<\/td><td>WordPress<\/td><td>Saglab\u0101 pa\u0161reiz\u0113jo valodu. P\u0113c noklus\u0113juma \u0161is s\u012bkfails ir iestat\u012bts tikai lietot\u0101jiem, kuri ir pieteiku\u0161ies.<\/td><td>Sesija<\/td><\/tr><tr><td>wp_woocommerce_session-*<\/td><td>WordPress<\/td><td>Iepirk\u0161an\u0101s laik\u0101 saglab\u0101 klienta Woocommerce sesiju.<\/td><td>Sesija<\/td><\/tr><\/tbody><\/table><\/figure>\n\n\n\n<p><strong>K\u0101 p\u0101rvald\u012bt s\u012bkfailus?<\/strong><\/p>\n\n\n\n<p>Liel\u0101k\u0101 da\u013ca p\u0101rl\u016bkprogrammu ir iestat\u012btas autom\u0101tiski pie\u0146emt s\u012bkfailus. J\u016bs varat atsp\u0113jot s\u012bkfailus sav\u0101 p\u0101rl\u016bkprogramm\u0101, ta\u010du \u0146emiet v\u0113r\u0101, ka, to darot, j\u016bs varat zaud\u0113t piek\u013cuvi daudz\u0101m funkcij\u0101m, kas nepiecie\u0161amas, lai vietne darbotos pareizi. Ja jums nepiecie\u0161ama s\u012bk\u0101ka inform\u0101cija par s\u012bkdatn\u0113m, l\u016bdzu, apmekl\u0113jiet neatkar\u012bg\u0101s inform\u0101cijas vietni www.aboutcookies.org, kur atrad\u012bsit, k\u0101 atsp\u0113jot s\u012bkfailus, izmantojot p\u0101rl\u016bkprogrammas iestat\u012bjumus, un k\u0101 no\u0146emt s\u012bkfailus, kas jau atrodas j\u016bsu dator\u0101. Lai no\u0146emtu s\u012bkfailus no sava mobil\u0101 t\u0101lru\u0146a, jums b\u016bs j\u0101iepaz\u012bstas ar t\u0101lru\u0146a lietot\u0101ja rokasgr\u0101matu.<\/p>\n\n\n\n<p><br><strong>Der\u012bgums un izmai\u0146as<\/strong><\/p>\n\n\n\n<p>\u0160\u012b s\u012bkdat\u0146u politika ir sp\u0113k\u0101 no 01.01.2023. S\u012bkdat\u0146u politikas izmai\u0146u gad\u012bjum\u0101 m\u0113s public\u0113sim atjaunin\u0101to versiju. S\u012bkdat\u0146u politikas izmai\u0146as un papildin\u0101jumi st\u0101jas sp\u0113k\u0101 no to public\u0113\u0161anas br\u012b\u017ea.<\/p>\n","protected":false},"excerpt":{"rendered":"<p>PRIV\u0100TUMA POLITIKA PAR PERSONAS DATU APSTR\u0100DI \u0160is priv\u0101tuma pazi\u0146ojums satur inform\u0101ciju par \u201cAxis Trade Latvija\u201d (turpm\u0101k \u2013 Uz\u0146\u0113mums) veikto personas datu apstr\u0101di.Uz\u0146\u0113mums atz\u012bst, ka personas datu aizsardz\u012bba ir svar\u012bga saviem klientiem un sadarb\u012bbas partneriem un citiem datu subjektiem (turpm\u0101k \u2013 datu subjekti), un ap\u0146emas respekt\u0113t un aizsarg\u0101t katra datu subjekta priv\u0101tumu. \u0160is priv\u0101tuma pazi\u0146ojums ir paredz\u0113ts jums, m\u016bsu klientiem un [&hellip;]<\/p>\n","protected":false},"author":2,"featured_media":0,"parent":0,"menu_order":0,"comment_status":"closed","ping_status":"closed","template":"","meta":{"inline_featured_image":false,"footnotes":""},"class_list":["post-3332","page","type-page","status-publish","hentry"],"acf":[],"yoast_head":"<!-- This site is optimized with the Yoast SEO plugin v20.12 - https:\/\/yoast.com\/wordpress\/plugins\/seo\/ -->\n<title>Priv\u0101tuma politika - DIOimplant.LV<\/title>\n<meta name=\"robots\" content=\"index, follow, max-snippet:-1, max-image-preview:large, max-video-preview:-1\" \/>\n<link rel=\"canonical\" href=\"https:\/\/dioimplant.lv\/lv\/privatuma-politika\/\" \/>\n<meta property=\"og:locale\" content=\"lv_LV\" \/>\n<meta property=\"og:type\" content=\"article\" \/>\n<meta property=\"og:title\" content=\"Priv\u0101tuma politika - DIOimplant.LV\" \/>\n<meta property=\"og:description\" content=\"PRIV\u0100TUMA POLITIKA PAR PERSONAS DATU APSTR\u0100DI \u0160is priv\u0101tuma pazi\u0146ojums satur inform\u0101ciju par \u201cAxis Trade Latvija\u201d (turpm\u0101k \u2013 Uz\u0146\u0113mums) veikto personas datu apstr\u0101di.Uz\u0146\u0113mums atz\u012bst, ka personas datu aizsardz\u012bba ir svar\u012bga saviem klientiem un sadarb\u012bbas partneriem un citiem datu subjektiem (turpm\u0101k \u2013 datu subjekti), un ap\u0146emas respekt\u0113t un aizsarg\u0101t katra datu subjekta priv\u0101tumu. \u0160is priv\u0101tuma pazi\u0146ojums ir paredz\u0113ts jums, m\u016bsu klientiem un [&hellip;]\" \/>\n<meta property=\"og:url\" content=\"https:\/\/dioimplant.lv\/lv\/privatuma-politika\/\" \/>\n<meta property=\"og:site_name\" content=\"DIOimplant.LV\" \/>\n<meta property=\"article:modified_time\" content=\"2023-06-29T11:24:25+00:00\" \/>\n<meta name=\"twitter:card\" content=\"summary_large_image\" \/>\n<meta name=\"twitter:label1\" content=\"Est. reading time\" \/>\n\t<meta name=\"twitter:data1\" content=\"13 minutes\" \/>\n<script type=\"application\/ld+json\" class=\"yoast-schema-graph\">{\"@context\":\"https:\/\/schema.org\",\"@graph\":[{\"@type\":\"WebPage\",\"@id\":\"https:\/\/dioimplant.lv\/lv\/privatuma-politika\/\",\"url\":\"https:\/\/dioimplant.lv\/lv\/privatuma-politika\/\",\"name\":\"Priv\u0101tuma politika - DIOimplant.LV\",\"isPartOf\":{\"@id\":\"https:\/\/dioimplant.lv\/lv\/#website\"},\"datePublished\":\"2023-06-28T05:57:00+00:00\",\"dateModified\":\"2023-06-29T11:24:25+00:00\",\"breadcrumb\":{\"@id\":\"https:\/\/dioimplant.lv\/lv\/privatuma-politika\/#breadcrumb\"},\"inLanguage\":\"lv-LV\",\"potentialAction\":[{\"@type\":\"ReadAction\",\"target\":[\"https:\/\/dioimplant.lv\/lv\/privatuma-politika\/\"]}]},{\"@type\":\"BreadcrumbList\",\"@id\":\"https:\/\/dioimplant.lv\/lv\/privatuma-politika\/#breadcrumb\",\"itemListElement\":[{\"@type\":\"ListItem\",\"position\":1,\"name\":\"Home\",\"item\":\"https:\/\/dioimplant.lv\/lv\/\"},{\"@type\":\"ListItem\",\"position\":2,\"name\":\"Priv\u0101tuma politika\"}]},{\"@type\":\"WebSite\",\"@id\":\"https:\/\/dioimplant.lv\/lv\/#website\",\"url\":\"https:\/\/dioimplant.lv\/lv\/\",\"name\":\"DIOimplant.LV\",\"description\":\"For Lifetime Smiles\",\"potentialAction\":[{\"@type\":\"SearchAction\",\"target\":{\"@type\":\"EntryPoint\",\"urlTemplate\":\"https:\/\/dioimplant.lv\/lv\/?s={search_term_string}\"},\"query-input\":\"required name=search_term_string\"}],\"inLanguage\":\"lv-LV\"}]}<\/script>\n<!-- \/ Yoast SEO plugin. -->","yoast_head_json":{"title":"Priv\u0101tuma politika - DIOimplant.LV","robots":{"index":"index","follow":"follow","max-snippet":"max-snippet:-1","max-image-preview":"max-image-preview:large","max-video-preview":"max-video-preview:-1"},"canonical":"https:\/\/dioimplant.lv\/lv\/privatuma-politika\/","og_locale":"lv_LV","og_type":"article","og_title":"Priv\u0101tuma politika - DIOimplant.LV","og_description":"PRIV\u0100TUMA POLITIKA PAR PERSONAS DATU APSTR\u0100DI \u0160is priv\u0101tuma pazi\u0146ojums satur inform\u0101ciju par \u201cAxis Trade Latvija\u201d (turpm\u0101k \u2013 Uz\u0146\u0113mums) veikto personas datu apstr\u0101di.Uz\u0146\u0113mums atz\u012bst, ka personas datu aizsardz\u012bba ir svar\u012bga saviem klientiem un sadarb\u012bbas partneriem un citiem datu subjektiem (turpm\u0101k \u2013 datu subjekti), un ap\u0146emas respekt\u0113t un aizsarg\u0101t katra datu subjekta priv\u0101tumu. \u0160is priv\u0101tuma pazi\u0146ojums ir paredz\u0113ts jums, m\u016bsu klientiem un [&hellip;]","og_url":"https:\/\/dioimplant.lv\/lv\/privatuma-politika\/","og_site_name":"DIOimplant.LV","article_modified_time":"2023-06-29T11:24:25+00:00","twitter_card":"summary_large_image","twitter_misc":{"Est. reading time":"13 minutes"},"schema":{"@context":"https:\/\/schema.org","@graph":[{"@type":"WebPage","@id":"https:\/\/dioimplant.lv\/lv\/privatuma-politika\/","url":"https:\/\/dioimplant.lv\/lv\/privatuma-politika\/","name":"Priv\u0101tuma politika - DIOimplant.LV","isPartOf":{"@id":"https:\/\/dioimplant.lv\/lv\/#website"},"datePublished":"2023-06-28T05:57:00+00:00","dateModified":"2023-06-29T11:24:25+00:00","breadcrumb":{"@id":"https:\/\/dioimplant.lv\/lv\/privatuma-politika\/#breadcrumb"},"inLanguage":"lv-LV","potentialAction":[{"@type":"ReadAction","target":["https:\/\/dioimplant.lv\/lv\/privatuma-politika\/"]}]},{"@type":"BreadcrumbList","@id":"https:\/\/dioimplant.lv\/lv\/privatuma-politika\/#breadcrumb","itemListElement":[{"@type":"ListItem","position":1,"name":"Home","item":"https:\/\/dioimplant.lv\/lv\/"},{"@type":"ListItem","position":2,"name":"Priv\u0101tuma politika"}]},{"@type":"WebSite","@id":"https:\/\/dioimplant.lv\/lv\/#website","url":"https:\/\/dioimplant.lv\/lv\/","name":"DIOimplant.LV","description":"For Lifetime Smiles","potentialAction":[{"@type":"SearchAction","target":{"@type":"EntryPoint","urlTemplate":"https:\/\/dioimplant.lv\/lv\/?s={search_term_string}"},"query-input":"required name=search_term_string"}],"inLanguage":"lv-LV"}]}},"_links":{"self":[{"href":"https:\/\/dioimplant.lv\/lv\/wp-json\/wp\/v2\/pages\/3332","targetHints":{"allow":["GET"]}}],"collection":[{"href":"https:\/\/dioimplant.lv\/lv\/wp-json\/wp\/v2\/pages"}],"about":[{"href":"https:\/\/dioimplant.lv\/lv\/wp-json\/wp\/v2\/types\/page"}],"author":[{"embeddable":true,"href":"https:\/\/dioimplant.lv\/lv\/wp-json\/wp\/v2\/users\/2"}],"replies":[{"embeddable":true,"href":"https:\/\/dioimplant.lv\/lv\/wp-json\/wp\/v2\/comments?post=3332"}],"version-history":[{"count":8,"href":"https:\/\/dioimplant.lv\/lv\/wp-json\/wp\/v2\/pages\/3332\/revisions"}],"predecessor-version":[{"id":3378,"href":"https:\/\/dioimplant.lv\/lv\/wp-json\/wp\/v2\/pages\/3332\/revisions\/3378"}],"wp:attachment":[{"href":"https:\/\/dioimplant.lv\/lv\/wp-json\/wp\/v2\/media?parent=3332"}],"curies":[{"name":"wp","href":"https:\/\/api.w.org\/{rel}","templated":true}]}}