

{"id":3333,"date":"2023-06-28T08:57:55","date_gmt":"2023-06-28T05:57:55","guid":{"rendered":"https:\/\/dioimplant.lv\/noteikumi\/"},"modified":"2023-06-29T13:38:17","modified_gmt":"2023-06-29T10:38:17","slug":"noteikumi","status":"publish","type":"page","link":"https:\/\/dioimplant.lv\/lv\/noteikumi\/","title":{"rendered":"Noteikumi"},"content":{"rendered":"\n<p><strong>NOTEIKUMI UN NOSAC\u012aJUMI<\/strong><\/p>\n\n\n\n<p><strong>Visp\u0101r\u012bgi noteikumi<\/strong><\/p>\n\n\n\n<p>\u0160ie pirk\u0161anas un p\u0101rdo\u0161anas noteikumi (turpm\u0101k tekst\u0101 \u201cNoteikumi\u201d) nosaka ties\u012bbas, pien\u0101kumus un atbild\u012bbu par pre\u010du ieg\u0101di interneta vietn\u0113.<\/p>\n\n\n\n<p>\u0160ie noteikumi ir sagatavoti saska\u0146\u0101 ar likumu.<\/p>\n\n\n\n<p>P\u0101rdev\u0113js patur ties\u012bbas jebkur\u0101 laik\u0101 main\u012bt, groz\u012bt vai papildin\u0101t Noteikumus. Ar izmai\u0146\u0101m, labojumiem vai papildin\u0101jumiem Pirc\u0113js var iepaz\u012bties katru reizi pirms pirkuma pas\u016bt\u012bjuma apstiprin\u0101\u0161anas.<\/p>\n\n\n\n<p>Izmantojot vietni, Pirc\u0113js ap\u0146emas iev\u0113rot \u0161os Noteikumus, citus skaidri formul\u0113tus nosac\u012bjumus un nep\u0101rk\u0101pt ties\u012bbu aktus.<\/p>\n\n\n\n<p><strong>Pirc\u0113ja pien\u0101kumi<\/strong><\/p>\n\n\n\n<p>Pirc\u0113js ir atbild\u012bgs par savu pieteik\u0161an\u0101s datu dro\u0161\u012bbu un jebk\u0101d\u0101m darb\u012bb\u0101m Vietn\u0113. Jebkur\u0161 pas\u016bt\u012bjums, re\u0123istr\u0101cija vai citas darb\u012bbas Internetveikal\u0101 Pirc\u0113ja v\u0101rd\u0101 tiks uzskat\u012btas par veikt\u0101m Pirc\u0113ja v\u0101rd\u0101.<\/p>\n\n\n\n<p>Pirc\u0113js ir atbild\u012bgs par sniegto datu precizit\u0101ti, pareiz\u012bbu, piln\u012bgumu un savlaic\u012bgu labo\u0161anu, ja tie main\u0101s.<\/p>\n\n\n\n<p><strong>Atbild\u012bbas ierobe\u017eojumi<\/strong><\/p>\n\n\n\n<p>P\u0101rdev\u0113ja civiltiesisk\u0101 atbild\u012bba iest\u0101jas tikai p\u0101rdev\u0113ja vainas gad\u012bjum\u0101.<\/p>\n\n\n\n<p>P\u0101rdev\u0113js nav atbild\u012bgs par preces defektiem un boj\u0101jumiem, kas radu\u0161ies preces pieg\u0101des laik\u0101, preces nepareizas uzglab\u0101\u0161anas vai lieto\u0161anas, k\u0101 ar\u012b preces dabisk\u0101 nolietojuma d\u0113\u013c. P\u0101rdev\u0113js nav atbild\u012bgs ar\u012b par pas\u016bt\u012bto pre\u010du boj\u0101jumiem, kas radu\u0161ies \u0161\u0101du pre\u010du norm\u0101las lieto\u0161anas rezult\u0101t\u0101, vai tre\u0161o personu darb\u012bbas, kas saist\u012btas ar preces boj\u0101jumu.<\/p>\n\n\n\n<p>P\u0101rdev\u0113ja maksim\u0101l\u0101 civiltiesisk\u0101 atbild\u012bba par jebk\u0101diem zaud\u0113jumiem vai boj\u0101jumiem, kas rodas, ieg\u0101d\u0101joties noteiktas preces, ir ierobe\u017eota ar Pirc\u0113ja ieg\u0101d\u0101to min\u0113to pre\u010du cenu.<\/p>\n\n\n\n<p><strong>Intelektu\u0101lais \u012bpa\u0161ums<\/strong><\/p>\n\n\n\n<p>Visu intelektu\u0101lo \u012bpa\u0161umu uz vietni, t\u0101s neat\u0146emamaj\u0101m da\u013c\u0101m un taj\u0101 izvietotaj\u0101m prec\u0113m vai citu saturu aizsarg\u0101 autorties\u012bbas, pre\u010du z\u012bmes, patenti un citi ties\u012bbu akti, kas regul\u0113 intelektu\u0101l\u0101 \u012bpa\u0161uma objektu aizsardz\u012bbu.<\/p>\n\n\n\n<p>Pirc\u0113jam netiek nodotas nek\u0101das autorties\u012bbas vai intelektu\u0101l\u0101 \u012bpa\u0161uma ties\u012bbas.<\/p>\n\n\n\n<p>Pirc\u0113js nedr\u012bkst kop\u0113t, public\u0113t, nodot, modific\u0113t, piel\u0101got, rad\u012bt atvasin\u0101tus darbus, \u012br\u0113t, aizdot, p\u0101rdot, nodot, izplat\u012bt, licenc\u0113t, rekonstru\u0113t vai cit\u0101di p\u0101rveidot ieg\u0101d\u0101t\u0101s preces jebk\u0101d\u0101 veid\u0101, ar l\u012bdzek\u013ciem, jebkur\u0101 teritorij\u0101. Jebk\u0101da izstr\u0101d\u0101juma vai t\u0101 da\u013cu izgatavo\u0161ana, izplat\u012b\u0161ana, reproduc\u0113\u0161ana jebk\u0101d\u0101 veid\u0101 un form\u0101 un izmanto\u0161ana cit\u0101 veid\u0101, nek\u0101 noteikts pirkuma l\u012bgum\u0101 un piem\u0113rojamos ties\u012bbu aktos, var p\u0101rk\u0101pt intelektu\u0101l\u0101 \u012bpa\u0161uma ties\u012bbas, un Pirc\u0113js b\u016bs atbild\u012bgs saska\u0146\u0101 ar sp\u0113k\u0101 eso\u0161ajiem ties\u012bbu aktiem. .<\/p>\n\n\n\n<p>Vietnes \u012bpa\u0161umties\u012bbas, \u012bpa\u0161umties\u012bbas, intelektu\u0101l\u0101 \u012bpa\u0161uma ties\u012bbas pieder P\u0101rdev\u0113jam.<\/p>\n\n\n\n<p>Pirc\u0113js nedr\u012bkst kop\u0113t, p\u0101rveidot, public\u0113t, nodot vai p\u0101rdot vai jebk\u0101d\u0101 cit\u0101 veid\u0101 izmantot vietn\u0113 public\u0113t\u0101s inform\u0101cijas, vizualiz\u0101ciju un datu saturu bez iepriek\u0161\u0113jas P\u0101rdev\u0113ja piekri\u0161anas.<\/p>\n\n\n\n<p>Pre\u010du digitaliz\u0101cija (piem\u0113ram, .jpg vai .pdf form\u0101t\u0101) un izplat\u012b\u0161ana ir intelektu\u0101l\u0101 \u012bpa\u0161uma ties\u012bbu p\u0101rk\u0101pums.<\/p>\n\n\n\n<p>P\u0101rdev\u0113js patur ties\u012bbas jebkur\u0101 laik\u0101 bez br\u012bdin\u0101juma main\u012bt vietnes saturu un \u0161os noteikumus.<\/p>\n\n\n\n<p>S\u016bdz\u012bbu izskat\u012b\u0161anas k\u0101rt\u012bba, piem\u0113rojamie ties\u012bbu akti, jurisdikcija<\/p>\n\n\n\n<p>\u0160ie noteikumi ir izstr\u0101d\u0101ti un interpret\u0113ti saska\u0146\u0101 ar likumu.<\/p>\n\n\n\n<p>S\u016bdz\u012bbu par ieg\u0101d\u0101to preci Pirc\u0113js var iesniegt pa <strong>e-pastu: info@dioimplant.lv<\/strong><\/p>\n","protected":false},"excerpt":{"rendered":"<p>NOTEIKUMI UN NOSAC\u012aJUMI Visp\u0101r\u012bgi noteikumi \u0160ie pirk\u0161anas un p\u0101rdo\u0161anas noteikumi (turpm\u0101k tekst\u0101 \u201cNoteikumi\u201d) nosaka ties\u012bbas, pien\u0101kumus un atbild\u012bbu par pre\u010du ieg\u0101di interneta vietn\u0113. \u0160ie noteikumi ir sagatavoti saska\u0146\u0101 ar likumu. P\u0101rdev\u0113js patur ties\u012bbas jebkur\u0101 laik\u0101 main\u012bt, groz\u012bt vai papildin\u0101t Noteikumus. Ar izmai\u0146\u0101m, labojumiem vai papildin\u0101jumiem Pirc\u0113js var iepaz\u012bties katru reizi pirms pirkuma pas\u016bt\u012bjuma apstiprin\u0101\u0161anas. Izmantojot vietni, Pirc\u0113js ap\u0146emas iev\u0113rot \u0161os [&hellip;]<\/p>\n","protected":false},"author":2,"featured_media":0,"parent":0,"menu_order":0,"comment_status":"closed","ping_status":"closed","template":"","meta":{"inline_featured_image":false,"footnotes":""},"class_list":["post-3333","page","type-page","status-publish","hentry"],"acf":[],"yoast_head":"<!-- This site is optimized with the Yoast SEO plugin v20.12 - https:\/\/yoast.com\/wordpress\/plugins\/seo\/ -->\n<title>Noteikumi - DIOimplant.LV<\/title>\n<meta name=\"robots\" content=\"index, follow, max-snippet:-1, max-image-preview:large, max-video-preview:-1\" \/>\n<link rel=\"canonical\" href=\"https:\/\/dioimplant.lv\/lv\/noteikumi\/\" \/>\n<meta property=\"og:locale\" content=\"lv_LV\" \/>\n<meta property=\"og:type\" content=\"article\" \/>\n<meta property=\"og:title\" content=\"Noteikumi - DIOimplant.LV\" \/>\n<meta property=\"og:description\" content=\"NOTEIKUMI UN NOSAC\u012aJUMI Visp\u0101r\u012bgi noteikumi \u0160ie pirk\u0161anas un p\u0101rdo\u0161anas noteikumi (turpm\u0101k tekst\u0101 \u201cNoteikumi\u201d) nosaka ties\u012bbas, pien\u0101kumus un atbild\u012bbu par pre\u010du ieg\u0101di interneta vietn\u0113. \u0160ie noteikumi ir sagatavoti saska\u0146\u0101 ar likumu. P\u0101rdev\u0113js patur ties\u012bbas jebkur\u0101 laik\u0101 main\u012bt, groz\u012bt vai papildin\u0101t Noteikumus. Ar izmai\u0146\u0101m, labojumiem vai papildin\u0101jumiem Pirc\u0113js var iepaz\u012bties katru reizi pirms pirkuma pas\u016bt\u012bjuma apstiprin\u0101\u0161anas. Izmantojot vietni, Pirc\u0113js ap\u0146emas iev\u0113rot \u0161os [&hellip;]\" \/>\n<meta property=\"og:url\" content=\"https:\/\/dioimplant.lv\/lv\/noteikumi\/\" \/>\n<meta property=\"og:site_name\" content=\"DIOimplant.LV\" \/>\n<meta property=\"article:modified_time\" content=\"2023-06-29T10:38:17+00:00\" \/>\n<meta name=\"twitter:card\" content=\"summary_large_image\" \/>\n<meta name=\"twitter:label1\" content=\"Est. reading time\" \/>\n\t<meta name=\"twitter:data1\" content=\"3 minutes\" \/>\n<script type=\"application\/ld+json\" class=\"yoast-schema-graph\">{\"@context\":\"https:\/\/schema.org\",\"@graph\":[{\"@type\":\"WebPage\",\"@id\":\"https:\/\/dioimplant.lv\/lv\/noteikumi\/\",\"url\":\"https:\/\/dioimplant.lv\/lv\/noteikumi\/\",\"name\":\"Noteikumi - DIOimplant.LV\",\"isPartOf\":{\"@id\":\"https:\/\/dioimplant.lv\/lv\/#website\"},\"datePublished\":\"2023-06-28T05:57:55+00:00\",\"dateModified\":\"2023-06-29T10:38:17+00:00\",\"breadcrumb\":{\"@id\":\"https:\/\/dioimplant.lv\/lv\/noteikumi\/#breadcrumb\"},\"inLanguage\":\"lv-LV\",\"potentialAction\":[{\"@type\":\"ReadAction\",\"target\":[\"https:\/\/dioimplant.lv\/lv\/noteikumi\/\"]}]},{\"@type\":\"BreadcrumbList\",\"@id\":\"https:\/\/dioimplant.lv\/lv\/noteikumi\/#breadcrumb\",\"itemListElement\":[{\"@type\":\"ListItem\",\"position\":1,\"name\":\"Home\",\"item\":\"https:\/\/dioimplant.lv\/lv\/\"},{\"@type\":\"ListItem\",\"position\":2,\"name\":\"Noteikumi\"}]},{\"@type\":\"WebSite\",\"@id\":\"https:\/\/dioimplant.lv\/lv\/#website\",\"url\":\"https:\/\/dioimplant.lv\/lv\/\",\"name\":\"DIOimplant.LV\",\"description\":\"For Lifetime Smiles\",\"potentialAction\":[{\"@type\":\"SearchAction\",\"target\":{\"@type\":\"EntryPoint\",\"urlTemplate\":\"https:\/\/dioimplant.lv\/lv\/?s={search_term_string}\"},\"query-input\":\"required name=search_term_string\"}],\"inLanguage\":\"lv-LV\"}]}<\/script>\n<!-- \/ Yoast SEO plugin. -->","yoast_head_json":{"title":"Noteikumi - DIOimplant.LV","robots":{"index":"index","follow":"follow","max-snippet":"max-snippet:-1","max-image-preview":"max-image-preview:large","max-video-preview":"max-video-preview:-1"},"canonical":"https:\/\/dioimplant.lv\/lv\/noteikumi\/","og_locale":"lv_LV","og_type":"article","og_title":"Noteikumi - DIOimplant.LV","og_description":"NOTEIKUMI UN NOSAC\u012aJUMI Visp\u0101r\u012bgi noteikumi \u0160ie pirk\u0161anas un p\u0101rdo\u0161anas noteikumi (turpm\u0101k tekst\u0101 \u201cNoteikumi\u201d) nosaka ties\u012bbas, pien\u0101kumus un atbild\u012bbu par pre\u010du ieg\u0101di interneta vietn\u0113. \u0160ie noteikumi ir sagatavoti saska\u0146\u0101 ar likumu. P\u0101rdev\u0113js patur ties\u012bbas jebkur\u0101 laik\u0101 main\u012bt, groz\u012bt vai papildin\u0101t Noteikumus. Ar izmai\u0146\u0101m, labojumiem vai papildin\u0101jumiem Pirc\u0113js var iepaz\u012bties katru reizi pirms pirkuma pas\u016bt\u012bjuma apstiprin\u0101\u0161anas. Izmantojot vietni, Pirc\u0113js ap\u0146emas iev\u0113rot \u0161os [&hellip;]","og_url":"https:\/\/dioimplant.lv\/lv\/noteikumi\/","og_site_name":"DIOimplant.LV","article_modified_time":"2023-06-29T10:38:17+00:00","twitter_card":"summary_large_image","twitter_misc":{"Est. reading time":"3 minutes"},"schema":{"@context":"https:\/\/schema.org","@graph":[{"@type":"WebPage","@id":"https:\/\/dioimplant.lv\/lv\/noteikumi\/","url":"https:\/\/dioimplant.lv\/lv\/noteikumi\/","name":"Noteikumi - DIOimplant.LV","isPartOf":{"@id":"https:\/\/dioimplant.lv\/lv\/#website"},"datePublished":"2023-06-28T05:57:55+00:00","dateModified":"2023-06-29T10:38:17+00:00","breadcrumb":{"@id":"https:\/\/dioimplant.lv\/lv\/noteikumi\/#breadcrumb"},"inLanguage":"lv-LV","potentialAction":[{"@type":"ReadAction","target":["https:\/\/dioimplant.lv\/lv\/noteikumi\/"]}]},{"@type":"BreadcrumbList","@id":"https:\/\/dioimplant.lv\/lv\/noteikumi\/#breadcrumb","itemListElement":[{"@type":"ListItem","position":1,"name":"Home","item":"https:\/\/dioimplant.lv\/lv\/"},{"@type":"ListItem","position":2,"name":"Noteikumi"}]},{"@type":"WebSite","@id":"https:\/\/dioimplant.lv\/lv\/#website","url":"https:\/\/dioimplant.lv\/lv\/","name":"DIOimplant.LV","description":"For Lifetime Smiles","potentialAction":[{"@type":"SearchAction","target":{"@type":"EntryPoint","urlTemplate":"https:\/\/dioimplant.lv\/lv\/?s={search_term_string}"},"query-input":"required name=search_term_string"}],"inLanguage":"lv-LV"}]}},"_links":{"self":[{"href":"https:\/\/dioimplant.lv\/lv\/wp-json\/wp\/v2\/pages\/3333","targetHints":{"allow":["GET"]}}],"collection":[{"href":"https:\/\/dioimplant.lv\/lv\/wp-json\/wp\/v2\/pages"}],"about":[{"href":"https:\/\/dioimplant.lv\/lv\/wp-json\/wp\/v2\/types\/page"}],"author":[{"embeddable":true,"href":"https:\/\/dioimplant.lv\/lv\/wp-json\/wp\/v2\/users\/2"}],"replies":[{"embeddable":true,"href":"https:\/\/dioimplant.lv\/lv\/wp-json\/wp\/v2\/comments?post=3333"}],"version-history":[{"count":1,"href":"https:\/\/dioimplant.lv\/lv\/wp-json\/wp\/v2\/pages\/3333\/revisions"}],"predecessor-version":[{"id":3365,"href":"https:\/\/dioimplant.lv\/lv\/wp-json\/wp\/v2\/pages\/3333\/revisions\/3365"}],"wp:attachment":[{"href":"https:\/\/dioimplant.lv\/lv\/wp-json\/wp\/v2\/media?parent=3333"}],"curies":[{"name":"wp","href":"https:\/\/api.w.org\/{rel}","templated":true}]}}