

{"id":3573,"date":"2023-07-26T09:11:48","date_gmt":"2023-07-26T06:11:48","guid":{"rendered":"https:\/\/dioimplant.lv\/produktas\/implant-course-for-beginners-first-implant-with-dio-implant\/"},"modified":"2023-08-02T10:23:43","modified_gmt":"2023-08-02T07:23:43","slug":"implant-course-for-beginners-first-implant-with-dio-implant","status":"publish","type":"product","link":"https:\/\/dioimplant.lv\/lv\/kurss\/implant-course-for-beginners-first-implant-with-dio-implant\/","title":{"rendered":"Implant\u0101cijas kursi ies\u0101c\u0113jiem: Pirmais implants kop\u0101 ar \u201cDIO IMPLANT\u201d"},"content":{"rendered":"<p>&#8211; Implantacijas pamatprincipi un lidzekli<br \/>\n&#8211; Kirurgiskie instrumenti un iekarta<br \/>\n&#8211; Implantacijas metodes: Free-hand \/ guided<br \/>\n&#8211; DIO IMPLANT implantu Sistema \u2013 implantu veidi un to pielieto\u0161ana<br \/>\n&#8211; Kl\u012bniskie gadijumi<br \/>\n&#8211; Hands-on praktika izmantojot mikromotorus un DIO implantus<br \/>\n&#8211; Oper\u0101cija klatien\u0113<\/p>\n","protected":false},"excerpt":{"rendered":"<p>&#8211; Implantacijas pamatprincipi un lidzekli &#8211; Kirurgiskie instrumenti un iekarta &#8211; Implantacijas metodes: Free-hand \/ guided &#8211; DIO IMPLANT implantu Sistema \u2013 implantu veidi un to pielieto\u0161ana &#8211; Kl\u012bniskie gadijumi &#8211; Hands-on praktika izmantojot mikromotorus un DIO implantus &#8211; Oper\u0101cija klatien\u0113<\/p>\n","protected":false},"featured_media":3393,"template":"","meta":{"inline_featured_image":false},"product_cat":[63],"product_tag":[],"class_list":["post-3573","product","type-product","status-publish","has-post-thumbnail","hentry","product_cat-kursi"],"acf":[],"yoast_head":"<!-- This site is optimized with the Yoast SEO plugin v20.12 - https:\/\/yoast.com\/wordpress\/plugins\/seo\/ -->\n<title>Implant\u0101cijas kursi ies\u0101c\u0113jiem: Pirmais implants kop\u0101 ar \u201cDIO IMPLANT\u201d - DIOimplant.LV<\/title>\n<meta name=\"robots\" content=\"index, follow, max-snippet:-1, max-image-preview:large, max-video-preview:-1\" \/>\n<link rel=\"canonical\" href=\"https:\/\/dioimplant.lv\/lv\/kurss\/implant-course-for-beginners-first-implant-with-dio-implant\/\" \/>\n<meta property=\"og:locale\" content=\"lv_LV\" \/>\n<meta property=\"og:type\" content=\"article\" \/>\n<meta property=\"og:title\" content=\"Implant\u0101cijas kursi ies\u0101c\u0113jiem: Pirmais implants kop\u0101 ar \u201cDIO IMPLANT\u201d - DIOimplant.LV\" \/>\n<meta property=\"og:description\" content=\"&#8211; Implantacijas pamatprincipi un lidzekli &#8211; Kirurgiskie instrumenti un iekarta &#8211; Implantacijas metodes: Free-hand \/ guided &#8211; DIO IMPLANT implantu Sistema \u2013 implantu veidi un to pielieto\u0161ana &#8211; Kl\u012bniskie gadijumi &#8211; Hands-on praktika izmantojot mikromotorus un DIO implantus &#8211; Oper\u0101cija klatien\u0113\" \/>\n<meta property=\"og:url\" content=\"https:\/\/dioimplant.lv\/lv\/kurss\/implant-course-for-beginners-first-implant-with-dio-implant\/\" \/>\n<meta property=\"og:site_name\" content=\"DIOimplant.LV\" \/>\n<meta property=\"article:modified_time\" content=\"2023-08-02T07:23:43+00:00\" \/>\n<meta property=\"og:image\" content=\"https:\/\/dioimplant.lv\/wp-content\/uploads\/2023\/06\/UFll4510.png\" \/>\n\t<meta property=\"og:image:width\" content=\"1056\" \/>\n\t<meta property=\"og:image:height\" content=\"1445\" \/>\n\t<meta property=\"og:image:type\" content=\"image\/png\" \/>\n<meta name=\"twitter:card\" content=\"summary_large_image\" \/>\n<script type=\"application\/ld+json\" class=\"yoast-schema-graph\">{\"@context\":\"https:\/\/schema.org\",\"@graph\":[{\"@type\":\"WebPage\",\"@id\":\"https:\/\/dioimplant.lv\/lv\/kurss\/implant-course-for-beginners-first-implant-with-dio-implant\/\",\"url\":\"https:\/\/dioimplant.lv\/lv\/kurss\/implant-course-for-beginners-first-implant-with-dio-implant\/\",\"name\":\"Implant\u0101cijas kursi ies\u0101c\u0113jiem: Pirmais implants kop\u0101 ar \u201cDIO IMPLANT\u201d - DIOimplant.LV\",\"isPartOf\":{\"@id\":\"https:\/\/dioimplant.lv\/lv\/#website\"},\"datePublished\":\"2023-07-26T06:11:48+00:00\",\"dateModified\":\"2023-08-02T07:23:43+00:00\",\"breadcrumb\":{\"@id\":\"https:\/\/dioimplant.lv\/lv\/kurss\/implant-course-for-beginners-first-implant-with-dio-implant\/#breadcrumb\"},\"inLanguage\":\"lv-LV\",\"potentialAction\":[{\"@type\":\"ReadAction\",\"target\":[\"https:\/\/dioimplant.lv\/lv\/kurss\/implant-course-for-beginners-first-implant-with-dio-implant\/\"]}]},{\"@type\":\"BreadcrumbList\",\"@id\":\"https:\/\/dioimplant.lv\/lv\/kurss\/implant-course-for-beginners-first-implant-with-dio-implant\/#breadcrumb\",\"itemListElement\":[{\"@type\":\"ListItem\",\"position\":1,\"name\":\"Home\",\"item\":\"https:\/\/dioimplant.lv\/lv\/\"},{\"@type\":\"ListItem\",\"position\":2,\"name\":\"Kursi\",\"item\":\"https:\/\/dioimplant.lv\/lv\/kursi\/\"},{\"@type\":\"ListItem\",\"position\":3,\"name\":\"Implant\u0101cijas kursi ies\u0101c\u0113jiem: Pirmais implants kop\u0101 ar \u201cDIO IMPLANT\u201d\"}]},{\"@type\":\"WebSite\",\"@id\":\"https:\/\/dioimplant.lv\/lv\/#website\",\"url\":\"https:\/\/dioimplant.lv\/lv\/\",\"name\":\"DIOimplant.LV\",\"description\":\"For Lifetime Smiles\",\"potentialAction\":[{\"@type\":\"SearchAction\",\"target\":{\"@type\":\"EntryPoint\",\"urlTemplate\":\"https:\/\/dioimplant.lv\/lv\/?s={search_term_string}\"},\"query-input\":\"required name=search_term_string\"}],\"inLanguage\":\"lv-LV\"}]}<\/script>\n<!-- \/ Yoast SEO plugin. -->","yoast_head_json":{"title":"Implant\u0101cijas kursi ies\u0101c\u0113jiem: Pirmais implants kop\u0101 ar \u201cDIO IMPLANT\u201d - DIOimplant.LV","robots":{"index":"index","follow":"follow","max-snippet":"max-snippet:-1","max-image-preview":"max-image-preview:large","max-video-preview":"max-video-preview:-1"},"canonical":"https:\/\/dioimplant.lv\/lv\/kurss\/implant-course-for-beginners-first-implant-with-dio-implant\/","og_locale":"lv_LV","og_type":"article","og_title":"Implant\u0101cijas kursi ies\u0101c\u0113jiem: Pirmais implants kop\u0101 ar \u201cDIO IMPLANT\u201d - DIOimplant.LV","og_description":"&#8211; Implantacijas pamatprincipi un lidzekli &#8211; Kirurgiskie instrumenti un iekarta &#8211; Implantacijas metodes: Free-hand \/ guided &#8211; DIO IMPLANT implantu Sistema \u2013 implantu veidi un to pielieto\u0161ana &#8211; Kl\u012bniskie gadijumi &#8211; Hands-on praktika izmantojot mikromotorus un DIO implantus &#8211; Oper\u0101cija klatien\u0113","og_url":"https:\/\/dioimplant.lv\/lv\/kurss\/implant-course-for-beginners-first-implant-with-dio-implant\/","og_site_name":"DIOimplant.LV","article_modified_time":"2023-08-02T07:23:43+00:00","og_image":[{"width":1056,"height":1445,"url":"https:\/\/dioimplant.lv\/wp-content\/uploads\/2023\/06\/UFll4510.png","type":"image\/png"}],"twitter_card":"summary_large_image","schema":{"@context":"https:\/\/schema.org","@graph":[{"@type":"WebPage","@id":"https:\/\/dioimplant.lv\/lv\/kurss\/implant-course-for-beginners-first-implant-with-dio-implant\/","url":"https:\/\/dioimplant.lv\/lv\/kurss\/implant-course-for-beginners-first-implant-with-dio-implant\/","name":"Implant\u0101cijas kursi ies\u0101c\u0113jiem: Pirmais implants kop\u0101 ar \u201cDIO IMPLANT\u201d - DIOimplant.LV","isPartOf":{"@id":"https:\/\/dioimplant.lv\/lv\/#website"},"datePublished":"2023-07-26T06:11:48+00:00","dateModified":"2023-08-02T07:23:43+00:00","breadcrumb":{"@id":"https:\/\/dioimplant.lv\/lv\/kurss\/implant-course-for-beginners-first-implant-with-dio-implant\/#breadcrumb"},"inLanguage":"lv-LV","potentialAction":[{"@type":"ReadAction","target":["https:\/\/dioimplant.lv\/lv\/kurss\/implant-course-for-beginners-first-implant-with-dio-implant\/"]}]},{"@type":"BreadcrumbList","@id":"https:\/\/dioimplant.lv\/lv\/kurss\/implant-course-for-beginners-first-implant-with-dio-implant\/#breadcrumb","itemListElement":[{"@type":"ListItem","position":1,"name":"Home","item":"https:\/\/dioimplant.lv\/lv\/"},{"@type":"ListItem","position":2,"name":"Kursi","item":"https:\/\/dioimplant.lv\/lv\/kursi\/"},{"@type":"ListItem","position":3,"name":"Implant\u0101cijas kursi ies\u0101c\u0113jiem: Pirmais implants kop\u0101 ar \u201cDIO IMPLANT\u201d"}]},{"@type":"WebSite","@id":"https:\/\/dioimplant.lv\/lv\/#website","url":"https:\/\/dioimplant.lv\/lv\/","name":"DIOimplant.LV","description":"For Lifetime Smiles","potentialAction":[{"@type":"SearchAction","target":{"@type":"EntryPoint","urlTemplate":"https:\/\/dioimplant.lv\/lv\/?s={search_term_string}"},"query-input":"required name=search_term_string"}],"inLanguage":"lv-LV"}]}},"_links":{"self":[{"href":"https:\/\/dioimplant.lv\/lv\/wp-json\/wp\/v2\/product\/3573","targetHints":{"allow":["GET"]}}],"collection":[{"href":"https:\/\/dioimplant.lv\/lv\/wp-json\/wp\/v2\/product"}],"about":[{"href":"https:\/\/dioimplant.lv\/lv\/wp-json\/wp\/v2\/types\/product"}],"wp:featuredmedia":[{"embeddable":true,"href":"https:\/\/dioimplant.lv\/lv\/wp-json\/wp\/v2\/media\/3393"}],"wp:attachment":[{"href":"https:\/\/dioimplant.lv\/lv\/wp-json\/wp\/v2\/media?parent=3573"}],"wp:term":[{"taxonomy":"product_cat","embeddable":true,"href":"https:\/\/dioimplant.lv\/lv\/wp-json\/wp\/v2\/product_cat?post=3573"},{"taxonomy":"product_tag","embeddable":true,"href":"https:\/\/dioimplant.lv\/lv\/wp-json\/wp\/v2\/product_tag?post=3573"}],"curies":[{"name":"wp","href":"https:\/\/api.w.org\/{rel}","templated":true}]}}