

{"id":3574,"date":"2023-07-26T09:12:48","date_gmt":"2023-07-26T06:12:48","guid":{"rendered":"https:\/\/dioimplant.lv\/produktas\/immediate-implantation-after-tooth-extraction-using-dionavi-surgical-guides-and-uv-active-implants\/"},"modified":"2023-08-02T10:21:15","modified_gmt":"2023-08-02T07:21:15","slug":"immediate-implantation-after-tooth-extraction-using-dionavi-surgical-guides-and-uv-active-implants","status":"publish","type":"product","link":"https:\/\/dioimplant.lv\/lv\/kurss\/immediate-implantation-after-tooth-extraction-using-dionavi-surgical-guides-and-uv-active-implants\/","title":{"rendered":"T\u016bl\u012bt\u0113ja navi\u0123eta implantacija p\u0113c zobu ekstrakcijas, izmantojot DIOnavi gidu un \u201cUV Active\u201d implantus"},"content":{"rendered":"<p>&#8211; Kas ir navi\u0123eta implantacija? Priek\u0161roc\u012bbas un trukumi<br \/>\n&#8211; Implantacijas gidu veidi un to pielieto\u0161ana: piem\u0113ri<br \/>\n&#8211; Kl\u012bniskie gadijumi: salidzinajums \u201cFree-hand\u201d un \u201cGuided\u201d<br \/>\n&#8211; DIOnavi gidi: Gidu veidi un to izmanto\u0161ana<br \/>\n&#8211; DIO IMPLANT \u201cUV Active\u201d implanti un to izmanto\u0161ana ar DIOnavi gidu<br \/>\n&#8211; Kl\u012bniskie gadijumi: t\u016bl\u012bt\u0113ja navi\u0123eta implantacija p\u0113c zobu ekstrakcijas, izmantojot DIOnavi gidu un \u201cUV Active\u201d implantus(vienam zobam \u201cDIOnavi\u201d un vairakiem zobiem \u201dDIOnavi FullArch\u201d)<br \/>\n&#8211; Oper\u0101cija klatien\u0113<\/p>\n","protected":false},"excerpt":{"rendered":"<p>&#8211; Kas ir navi\u0123eta implantacija? Priek\u0161roc\u012bbas un trukumi &#8211; Implantacijas gidu veidi un to pielieto\u0161ana: piem\u0113ri &#8211; Kl\u012bniskie gadijumi: salidzinajums \u201cFree-hand\u201d un \u201cGuided\u201d &#8211; DIOnavi gidi: Gidu veidi un to izmanto\u0161ana &#8211; DIO IMPLANT \u201cUV Active\u201d implanti un to izmanto\u0161ana ar DIOnavi gidu &#8211; Kl\u012bniskie gadijumi: t\u016bl\u012bt\u0113ja navi\u0123eta implantacija p\u0113c zobu ekstrakcijas, izmantojot DIOnavi gidu un \u201cUV Active\u201d implantus(vienam zobam [&hellip;]<\/p>\n","protected":false},"featured_media":3552,"template":"","meta":{"inline_featured_image":false},"product_cat":[63],"product_tag":[],"class_list":["post-3574","product","type-product","status-publish","has-post-thumbnail","hentry","product_cat-kursi"],"acf":[],"yoast_head":"<!-- This site is optimized with the Yoast SEO plugin v20.12 - https:\/\/yoast.com\/wordpress\/plugins\/seo\/ -->\n<title>T\u016bl\u012bt\u0113ja navi\u0123eta implantacija p\u0113c zobu ekstrakcijas, izmantojot DIOnavi gidu un \u201cUV Active\u201d implantus - DIOimplant.LV<\/title>\n<meta name=\"robots\" content=\"index, follow, max-snippet:-1, max-image-preview:large, max-video-preview:-1\" \/>\n<link rel=\"canonical\" href=\"https:\/\/dioimplant.lv\/lv\/kurss\/immediate-implantation-after-tooth-extraction-using-dionavi-surgical-guides-and-uv-active-implants\/\" \/>\n<meta property=\"og:locale\" content=\"lv_LV\" \/>\n<meta property=\"og:type\" content=\"article\" \/>\n<meta property=\"og:title\" content=\"T\u016bl\u012bt\u0113ja navi\u0123eta implantacija p\u0113c zobu ekstrakcijas, izmantojot DIOnavi gidu un \u201cUV Active\u201d implantus - DIOimplant.LV\" \/>\n<meta property=\"og:description\" content=\"&#8211; Kas ir navi\u0123eta implantacija? Priek\u0161roc\u012bbas un trukumi &#8211; Implantacijas gidu veidi un to pielieto\u0161ana: piem\u0113ri &#8211; Kl\u012bniskie gadijumi: salidzinajums \u201cFree-hand\u201d un \u201cGuided\u201d &#8211; DIOnavi gidi: Gidu veidi un to izmanto\u0161ana &#8211; DIO IMPLANT \u201cUV Active\u201d implanti un to izmanto\u0161ana ar DIOnavi gidu &#8211; Kl\u012bniskie gadijumi: t\u016bl\u012bt\u0113ja navi\u0123eta implantacija p\u0113c zobu ekstrakcijas, izmantojot DIOnavi gidu un \u201cUV Active\u201d implantus(vienam zobam [&hellip;]\" \/>\n<meta property=\"og:url\" content=\"https:\/\/dioimplant.lv\/lv\/kurss\/immediate-implantation-after-tooth-extraction-using-dionavi-surgical-guides-and-uv-active-implants\/\" \/>\n<meta property=\"og:site_name\" content=\"DIOimplant.LV\" \/>\n<meta property=\"article:modified_time\" content=\"2023-08-02T07:21:15+00:00\" \/>\n<meta property=\"og:image\" content=\"https:\/\/dioimplant.lv\/wp-content\/uploads\/2023\/07\/twL_catalog_23C17_hwdvMpuvEe.jpeg\" \/>\n\t<meta property=\"og:image:width\" content=\"480\" \/>\n\t<meta property=\"og:image:height\" content=\"459\" \/>\n\t<meta property=\"og:image:type\" content=\"image\/jpeg\" \/>\n<meta name=\"twitter:card\" content=\"summary_large_image\" \/>\n<script type=\"application\/ld+json\" class=\"yoast-schema-graph\">{\"@context\":\"https:\/\/schema.org\",\"@graph\":[{\"@type\":\"WebPage\",\"@id\":\"https:\/\/dioimplant.lv\/lv\/kurss\/immediate-implantation-after-tooth-extraction-using-dionavi-surgical-guides-and-uv-active-implants\/\",\"url\":\"https:\/\/dioimplant.lv\/lv\/kurss\/immediate-implantation-after-tooth-extraction-using-dionavi-surgical-guides-and-uv-active-implants\/\",\"name\":\"T\u016bl\u012bt\u0113ja navi\u0123eta implantacija p\u0113c zobu ekstrakcijas, izmantojot DIOnavi gidu un \u201cUV Active\u201d implantus - DIOimplant.LV\",\"isPartOf\":{\"@id\":\"https:\/\/dioimplant.lv\/lv\/#website\"},\"datePublished\":\"2023-07-26T06:12:48+00:00\",\"dateModified\":\"2023-08-02T07:21:15+00:00\",\"breadcrumb\":{\"@id\":\"https:\/\/dioimplant.lv\/lv\/kurss\/immediate-implantation-after-tooth-extraction-using-dionavi-surgical-guides-and-uv-active-implants\/#breadcrumb\"},\"inLanguage\":\"lv-LV\",\"potentialAction\":[{\"@type\":\"ReadAction\",\"target\":[\"https:\/\/dioimplant.lv\/lv\/kurss\/immediate-implantation-after-tooth-extraction-using-dionavi-surgical-guides-and-uv-active-implants\/\"]}]},{\"@type\":\"BreadcrumbList\",\"@id\":\"https:\/\/dioimplant.lv\/lv\/kurss\/immediate-implantation-after-tooth-extraction-using-dionavi-surgical-guides-and-uv-active-implants\/#breadcrumb\",\"itemListElement\":[{\"@type\":\"ListItem\",\"position\":1,\"name\":\"Home\",\"item\":\"https:\/\/dioimplant.lv\/lv\/\"},{\"@type\":\"ListItem\",\"position\":2,\"name\":\"Kursi\",\"item\":\"https:\/\/dioimplant.lv\/lv\/kursi\/\"},{\"@type\":\"ListItem\",\"position\":3,\"name\":\"T\u016bl\u012bt\u0113ja navi\u0123eta implantacija p\u0113c zobu ekstrakcijas, izmantojot DIOnavi gidu un \u201cUV Active\u201d implantus\"}]},{\"@type\":\"WebSite\",\"@id\":\"https:\/\/dioimplant.lv\/lv\/#website\",\"url\":\"https:\/\/dioimplant.lv\/lv\/\",\"name\":\"DIOimplant.LV\",\"description\":\"For Lifetime Smiles\",\"potentialAction\":[{\"@type\":\"SearchAction\",\"target\":{\"@type\":\"EntryPoint\",\"urlTemplate\":\"https:\/\/dioimplant.lv\/lv\/?s={search_term_string}\"},\"query-input\":\"required name=search_term_string\"}],\"inLanguage\":\"lv-LV\"}]}<\/script>\n<!-- \/ Yoast SEO plugin. -->","yoast_head_json":{"title":"T\u016bl\u012bt\u0113ja navi\u0123eta implantacija p\u0113c zobu ekstrakcijas, izmantojot DIOnavi gidu un \u201cUV Active\u201d implantus - DIOimplant.LV","robots":{"index":"index","follow":"follow","max-snippet":"max-snippet:-1","max-image-preview":"max-image-preview:large","max-video-preview":"max-video-preview:-1"},"canonical":"https:\/\/dioimplant.lv\/lv\/kurss\/immediate-implantation-after-tooth-extraction-using-dionavi-surgical-guides-and-uv-active-implants\/","og_locale":"lv_LV","og_type":"article","og_title":"T\u016bl\u012bt\u0113ja navi\u0123eta implantacija p\u0113c zobu ekstrakcijas, izmantojot DIOnavi gidu un \u201cUV Active\u201d implantus - DIOimplant.LV","og_description":"&#8211; Kas ir navi\u0123eta implantacija? Priek\u0161roc\u012bbas un trukumi &#8211; Implantacijas gidu veidi un to pielieto\u0161ana: piem\u0113ri &#8211; Kl\u012bniskie gadijumi: salidzinajums \u201cFree-hand\u201d un \u201cGuided\u201d &#8211; DIOnavi gidi: Gidu veidi un to izmanto\u0161ana &#8211; DIO IMPLANT \u201cUV Active\u201d implanti un to izmanto\u0161ana ar DIOnavi gidu &#8211; Kl\u012bniskie gadijumi: t\u016bl\u012bt\u0113ja navi\u0123eta implantacija p\u0113c zobu ekstrakcijas, izmantojot DIOnavi gidu un \u201cUV Active\u201d implantus(vienam zobam [&hellip;]","og_url":"https:\/\/dioimplant.lv\/lv\/kurss\/immediate-implantation-after-tooth-extraction-using-dionavi-surgical-guides-and-uv-active-implants\/","og_site_name":"DIOimplant.LV","article_modified_time":"2023-08-02T07:21:15+00:00","og_image":[{"width":480,"height":459,"url":"https:\/\/dioimplant.lv\/wp-content\/uploads\/2023\/07\/twL_catalog_23C17_hwdvMpuvEe.jpeg","type":"image\/jpeg"}],"twitter_card":"summary_large_image","schema":{"@context":"https:\/\/schema.org","@graph":[{"@type":"WebPage","@id":"https:\/\/dioimplant.lv\/lv\/kurss\/immediate-implantation-after-tooth-extraction-using-dionavi-surgical-guides-and-uv-active-implants\/","url":"https:\/\/dioimplant.lv\/lv\/kurss\/immediate-implantation-after-tooth-extraction-using-dionavi-surgical-guides-and-uv-active-implants\/","name":"T\u016bl\u012bt\u0113ja navi\u0123eta implantacija p\u0113c zobu ekstrakcijas, izmantojot DIOnavi gidu un \u201cUV Active\u201d implantus - DIOimplant.LV","isPartOf":{"@id":"https:\/\/dioimplant.lv\/lv\/#website"},"datePublished":"2023-07-26T06:12:48+00:00","dateModified":"2023-08-02T07:21:15+00:00","breadcrumb":{"@id":"https:\/\/dioimplant.lv\/lv\/kurss\/immediate-implantation-after-tooth-extraction-using-dionavi-surgical-guides-and-uv-active-implants\/#breadcrumb"},"inLanguage":"lv-LV","potentialAction":[{"@type":"ReadAction","target":["https:\/\/dioimplant.lv\/lv\/kurss\/immediate-implantation-after-tooth-extraction-using-dionavi-surgical-guides-and-uv-active-implants\/"]}]},{"@type":"BreadcrumbList","@id":"https:\/\/dioimplant.lv\/lv\/kurss\/immediate-implantation-after-tooth-extraction-using-dionavi-surgical-guides-and-uv-active-implants\/#breadcrumb","itemListElement":[{"@type":"ListItem","position":1,"name":"Home","item":"https:\/\/dioimplant.lv\/lv\/"},{"@type":"ListItem","position":2,"name":"Kursi","item":"https:\/\/dioimplant.lv\/lv\/kursi\/"},{"@type":"ListItem","position":3,"name":"T\u016bl\u012bt\u0113ja navi\u0123eta implantacija p\u0113c zobu ekstrakcijas, izmantojot DIOnavi gidu un \u201cUV Active\u201d implantus"}]},{"@type":"WebSite","@id":"https:\/\/dioimplant.lv\/lv\/#website","url":"https:\/\/dioimplant.lv\/lv\/","name":"DIOimplant.LV","description":"For Lifetime Smiles","potentialAction":[{"@type":"SearchAction","target":{"@type":"EntryPoint","urlTemplate":"https:\/\/dioimplant.lv\/lv\/?s={search_term_string}"},"query-input":"required name=search_term_string"}],"inLanguage":"lv-LV"}]}},"_links":{"self":[{"href":"https:\/\/dioimplant.lv\/lv\/wp-json\/wp\/v2\/product\/3574","targetHints":{"allow":["GET"]}}],"collection":[{"href":"https:\/\/dioimplant.lv\/lv\/wp-json\/wp\/v2\/product"}],"about":[{"href":"https:\/\/dioimplant.lv\/lv\/wp-json\/wp\/v2\/types\/product"}],"wp:featuredmedia":[{"embeddable":true,"href":"https:\/\/dioimplant.lv\/lv\/wp-json\/wp\/v2\/media\/3552"}],"wp:attachment":[{"href":"https:\/\/dioimplant.lv\/lv\/wp-json\/wp\/v2\/media?parent=3574"}],"wp:term":[{"taxonomy":"product_cat","embeddable":true,"href":"https:\/\/dioimplant.lv\/lv\/wp-json\/wp\/v2\/product_cat?post=3574"},{"taxonomy":"product_tag","embeddable":true,"href":"https:\/\/dioimplant.lv\/lv\/wp-json\/wp\/v2\/product_tag?post=3574"}],"curies":[{"name":"wp","href":"https:\/\/api.w.org\/{rel}","templated":true}]}}