

{"id":3575,"date":"2023-07-26T09:13:48","date_gmt":"2023-07-26T06:13:48","guid":{"rendered":"https:\/\/dioimplant.lv\/produktas\/dionavi-fullarch-digital-implantation-data-collection-surgery-and-prosthesis-planning-implantation\/"},"modified":"2023-08-02T10:02:47","modified_gmt":"2023-08-02T07:02:47","slug":"dionavi-fullarch-digital-implantation-data-collection-surgery-and-prosthesis-planning-implantation","status":"publish","type":"product","link":"https:\/\/dioimplant.lv\/lv\/kurss\/dionavi-fullarch-digital-implantation-data-collection-surgery-and-prosthesis-planning-implantation\/","title":{"rendered":"\u201cDIOnavi FullArch\u201d digit\u0101l\u0101 implantacija: datu apkopo\u0161ana, oper\u0101ciju un prot\u0113zes pl\u0101no\u0161ana, implantacija"},"content":{"rendered":"<p>&#8211; \u201cDIOnavi FullArch\u201d DIO IMPLANT patent\u0113ta tehnologija \u2013 kas tas ir un kapec?<br \/>\n&#8211; Datu apkopo\u0161ana: Mutes dobuma 3D sken\u0113jums un CBCT uz\u0146\u0113mums.<br \/>\n<br \/>\n&#8211; Oper\u0101ciju un prot\u0113zes pl\u0101no\u0161ana: DIOnavi majaslapa, DIO HQ Korea \u2013 planot\u0101ju noda\u013ca<br \/>\n&#8211; Implantacija: Implant\u0101cija nekad nav bijusi tik atra un kvalitat\u012bva.<br \/>\n&#8211; Pagaidu protezes: Veidi un pielieto\u0161ana<br \/>\n&#8211; Patstav\u012bga cirkonija prot\u0113ze<br \/>\n&#8211; Oper\u0101cija klatien\u0113<\/p>\n","protected":false},"excerpt":{"rendered":"<p>&#8211; \u201cDIOnavi FullArch\u201d DIO IMPLANT patent\u0113ta tehnologija \u2013 kas tas ir un kapec? &#8211; Datu apkopo\u0161ana: Mutes dobuma 3D sken\u0113jums un CBCT uz\u0146\u0113mums. &#8211; Oper\u0101ciju un prot\u0113zes pl\u0101no\u0161ana: DIOnavi majaslapa, DIO HQ Korea \u2013 planot\u0101ju noda\u013ca &#8211; Implantacija: Implant\u0101cija nekad nav bijusi tik atra un kvalitat\u012bva. &#8211; Pagaidu protezes: Veidi un pielieto\u0161ana &#8211; Patstav\u012bga cirkonija prot\u0113ze &#8211; Oper\u0101cija klatien\u0113<\/p>\n","protected":false},"featured_media":3556,"template":"","meta":{"inline_featured_image":false},"product_cat":[63],"product_tag":[],"class_list":["post-3575","product","type-product","status-publish","has-post-thumbnail","hentry","product_cat-kursi"],"acf":[],"yoast_head":"<!-- This site is optimized with the Yoast SEO plugin v20.12 - https:\/\/yoast.com\/wordpress\/plugins\/seo\/ -->\n<title>\u201cDIOnavi FullArch\u201d digit\u0101l\u0101 implantacija: datu apkopo\u0161ana, oper\u0101ciju un prot\u0113zes pl\u0101no\u0161ana, implantacija - DIOimplant.LV<\/title>\n<meta name=\"robots\" content=\"index, follow, max-snippet:-1, max-image-preview:large, max-video-preview:-1\" \/>\n<link rel=\"canonical\" href=\"https:\/\/dioimplant.lv\/lv\/kurss\/dionavi-fullarch-digital-implantation-data-collection-surgery-and-prosthesis-planning-implantation\/\" \/>\n<meta property=\"og:locale\" content=\"lv_LV\" \/>\n<meta property=\"og:type\" content=\"article\" \/>\n<meta property=\"og:title\" content=\"\u201cDIOnavi FullArch\u201d digit\u0101l\u0101 implantacija: datu apkopo\u0161ana, oper\u0101ciju un prot\u0113zes pl\u0101no\u0161ana, implantacija - DIOimplant.LV\" \/>\n<meta property=\"og:description\" content=\"&#8211; \u201cDIOnavi FullArch\u201d DIO IMPLANT patent\u0113ta tehnologija \u2013 kas tas ir un kapec? &#8211; Datu apkopo\u0161ana: Mutes dobuma 3D sken\u0113jums un CBCT uz\u0146\u0113mums. &#8211; Oper\u0101ciju un prot\u0113zes pl\u0101no\u0161ana: DIOnavi majaslapa, DIO HQ Korea \u2013 planot\u0101ju noda\u013ca &#8211; Implantacija: Implant\u0101cija nekad nav bijusi tik atra un kvalitat\u012bva. &#8211; Pagaidu protezes: Veidi un pielieto\u0161ana &#8211; Patstav\u012bga cirkonija prot\u0113ze &#8211; Oper\u0101cija klatien\u0113\" \/>\n<meta property=\"og:url\" content=\"https:\/\/dioimplant.lv\/lv\/kurss\/dionavi-fullarch-digital-implantation-data-collection-surgery-and-prosthesis-planning-implantation\/\" \/>\n<meta property=\"og:site_name\" content=\"DIOimplant.LV\" \/>\n<meta property=\"article:modified_time\" content=\"2023-08-02T07:02:47+00:00\" \/>\n<meta property=\"og:image\" content=\"https:\/\/dioimplant.lv\/wp-content\/uploads\/2023\/07\/d7934cbd0a6da0678a89ed0ddb4486ce.jpeg\" \/>\n\t<meta property=\"og:image:width\" content=\"752\" \/>\n\t<meta property=\"og:image:height\" content=\"408\" \/>\n\t<meta property=\"og:image:type\" content=\"image\/jpeg\" \/>\n<meta name=\"twitter:card\" content=\"summary_large_image\" \/>\n<script type=\"application\/ld+json\" class=\"yoast-schema-graph\">{\"@context\":\"https:\/\/schema.org\",\"@graph\":[{\"@type\":\"WebPage\",\"@id\":\"https:\/\/dioimplant.lv\/lv\/kurss\/dionavi-fullarch-digital-implantation-data-collection-surgery-and-prosthesis-planning-implantation\/\",\"url\":\"https:\/\/dioimplant.lv\/lv\/kurss\/dionavi-fullarch-digital-implantation-data-collection-surgery-and-prosthesis-planning-implantation\/\",\"name\":\"\u201cDIOnavi FullArch\u201d digit\u0101l\u0101 implantacija: datu apkopo\u0161ana, oper\u0101ciju un prot\u0113zes pl\u0101no\u0161ana, implantacija - DIOimplant.LV\",\"isPartOf\":{\"@id\":\"https:\/\/dioimplant.lv\/lv\/#website\"},\"datePublished\":\"2023-07-26T06:13:48+00:00\",\"dateModified\":\"2023-08-02T07:02:47+00:00\",\"breadcrumb\":{\"@id\":\"https:\/\/dioimplant.lv\/lv\/kurss\/dionavi-fullarch-digital-implantation-data-collection-surgery-and-prosthesis-planning-implantation\/#breadcrumb\"},\"inLanguage\":\"lv-LV\",\"potentialAction\":[{\"@type\":\"ReadAction\",\"target\":[\"https:\/\/dioimplant.lv\/lv\/kurss\/dionavi-fullarch-digital-implantation-data-collection-surgery-and-prosthesis-planning-implantation\/\"]}]},{\"@type\":\"BreadcrumbList\",\"@id\":\"https:\/\/dioimplant.lv\/lv\/kurss\/dionavi-fullarch-digital-implantation-data-collection-surgery-and-prosthesis-planning-implantation\/#breadcrumb\",\"itemListElement\":[{\"@type\":\"ListItem\",\"position\":1,\"name\":\"Home\",\"item\":\"https:\/\/dioimplant.lv\/lv\/\"},{\"@type\":\"ListItem\",\"position\":2,\"name\":\"Kursi\",\"item\":\"https:\/\/dioimplant.lv\/lv\/kursi\/\"},{\"@type\":\"ListItem\",\"position\":3,\"name\":\"\u201cDIOnavi FullArch\u201d digit\u0101l\u0101 implantacija: datu apkopo\u0161ana, oper\u0101ciju un prot\u0113zes pl\u0101no\u0161ana, implantacija\"}]},{\"@type\":\"WebSite\",\"@id\":\"https:\/\/dioimplant.lv\/lv\/#website\",\"url\":\"https:\/\/dioimplant.lv\/lv\/\",\"name\":\"DIOimplant.LV\",\"description\":\"For Lifetime Smiles\",\"potentialAction\":[{\"@type\":\"SearchAction\",\"target\":{\"@type\":\"EntryPoint\",\"urlTemplate\":\"https:\/\/dioimplant.lv\/lv\/?s={search_term_string}\"},\"query-input\":\"required name=search_term_string\"}],\"inLanguage\":\"lv-LV\"}]}<\/script>\n<!-- \/ Yoast SEO plugin. -->","yoast_head_json":{"title":"\u201cDIOnavi FullArch\u201d digit\u0101l\u0101 implantacija: datu apkopo\u0161ana, oper\u0101ciju un prot\u0113zes pl\u0101no\u0161ana, implantacija - DIOimplant.LV","robots":{"index":"index","follow":"follow","max-snippet":"max-snippet:-1","max-image-preview":"max-image-preview:large","max-video-preview":"max-video-preview:-1"},"canonical":"https:\/\/dioimplant.lv\/lv\/kurss\/dionavi-fullarch-digital-implantation-data-collection-surgery-and-prosthesis-planning-implantation\/","og_locale":"lv_LV","og_type":"article","og_title":"\u201cDIOnavi FullArch\u201d digit\u0101l\u0101 implantacija: datu apkopo\u0161ana, oper\u0101ciju un prot\u0113zes pl\u0101no\u0161ana, implantacija - DIOimplant.LV","og_description":"&#8211; \u201cDIOnavi FullArch\u201d DIO IMPLANT patent\u0113ta tehnologija \u2013 kas tas ir un kapec? &#8211; Datu apkopo\u0161ana: Mutes dobuma 3D sken\u0113jums un CBCT uz\u0146\u0113mums. &#8211; Oper\u0101ciju un prot\u0113zes pl\u0101no\u0161ana: DIOnavi majaslapa, DIO HQ Korea \u2013 planot\u0101ju noda\u013ca &#8211; Implantacija: Implant\u0101cija nekad nav bijusi tik atra un kvalitat\u012bva. &#8211; Pagaidu protezes: Veidi un pielieto\u0161ana &#8211; Patstav\u012bga cirkonija prot\u0113ze &#8211; Oper\u0101cija klatien\u0113","og_url":"https:\/\/dioimplant.lv\/lv\/kurss\/dionavi-fullarch-digital-implantation-data-collection-surgery-and-prosthesis-planning-implantation\/","og_site_name":"DIOimplant.LV","article_modified_time":"2023-08-02T07:02:47+00:00","og_image":[{"width":752,"height":408,"url":"https:\/\/dioimplant.lv\/wp-content\/uploads\/2023\/07\/d7934cbd0a6da0678a89ed0ddb4486ce.jpeg","type":"image\/jpeg"}],"twitter_card":"summary_large_image","schema":{"@context":"https:\/\/schema.org","@graph":[{"@type":"WebPage","@id":"https:\/\/dioimplant.lv\/lv\/kurss\/dionavi-fullarch-digital-implantation-data-collection-surgery-and-prosthesis-planning-implantation\/","url":"https:\/\/dioimplant.lv\/lv\/kurss\/dionavi-fullarch-digital-implantation-data-collection-surgery-and-prosthesis-planning-implantation\/","name":"\u201cDIOnavi FullArch\u201d digit\u0101l\u0101 implantacija: datu apkopo\u0161ana, oper\u0101ciju un prot\u0113zes pl\u0101no\u0161ana, implantacija - DIOimplant.LV","isPartOf":{"@id":"https:\/\/dioimplant.lv\/lv\/#website"},"datePublished":"2023-07-26T06:13:48+00:00","dateModified":"2023-08-02T07:02:47+00:00","breadcrumb":{"@id":"https:\/\/dioimplant.lv\/lv\/kurss\/dionavi-fullarch-digital-implantation-data-collection-surgery-and-prosthesis-planning-implantation\/#breadcrumb"},"inLanguage":"lv-LV","potentialAction":[{"@type":"ReadAction","target":["https:\/\/dioimplant.lv\/lv\/kurss\/dionavi-fullarch-digital-implantation-data-collection-surgery-and-prosthesis-planning-implantation\/"]}]},{"@type":"BreadcrumbList","@id":"https:\/\/dioimplant.lv\/lv\/kurss\/dionavi-fullarch-digital-implantation-data-collection-surgery-and-prosthesis-planning-implantation\/#breadcrumb","itemListElement":[{"@type":"ListItem","position":1,"name":"Home","item":"https:\/\/dioimplant.lv\/lv\/"},{"@type":"ListItem","position":2,"name":"Kursi","item":"https:\/\/dioimplant.lv\/lv\/kursi\/"},{"@type":"ListItem","position":3,"name":"\u201cDIOnavi FullArch\u201d digit\u0101l\u0101 implantacija: datu apkopo\u0161ana, oper\u0101ciju un prot\u0113zes pl\u0101no\u0161ana, implantacija"}]},{"@type":"WebSite","@id":"https:\/\/dioimplant.lv\/lv\/#website","url":"https:\/\/dioimplant.lv\/lv\/","name":"DIOimplant.LV","description":"For Lifetime Smiles","potentialAction":[{"@type":"SearchAction","target":{"@type":"EntryPoint","urlTemplate":"https:\/\/dioimplant.lv\/lv\/?s={search_term_string}"},"query-input":"required name=search_term_string"}],"inLanguage":"lv-LV"}]}},"_links":{"self":[{"href":"https:\/\/dioimplant.lv\/lv\/wp-json\/wp\/v2\/product\/3575","targetHints":{"allow":["GET"]}}],"collection":[{"href":"https:\/\/dioimplant.lv\/lv\/wp-json\/wp\/v2\/product"}],"about":[{"href":"https:\/\/dioimplant.lv\/lv\/wp-json\/wp\/v2\/types\/product"}],"wp:featuredmedia":[{"embeddable":true,"href":"https:\/\/dioimplant.lv\/lv\/wp-json\/wp\/v2\/media\/3556"}],"wp:attachment":[{"href":"https:\/\/dioimplant.lv\/lv\/wp-json\/wp\/v2\/media?parent=3575"}],"wp:term":[{"taxonomy":"product_cat","embeddable":true,"href":"https:\/\/dioimplant.lv\/lv\/wp-json\/wp\/v2\/product_cat?post=3575"},{"taxonomy":"product_tag","embeddable":true,"href":"https:\/\/dioimplant.lv\/lv\/wp-json\/wp\/v2\/product_tag?post=3575"}],"curies":[{"name":"wp","href":"https:\/\/api.w.org\/{rel}","templated":true}]}}