

{"id":3577,"date":"2023-07-26T09:16:23","date_gmt":"2023-07-26T06:16:23","guid":{"rendered":"https:\/\/dioimplant.lv\/produktas\/bone-work-bone-augmentation-reduction-during-implant-placement\/"},"modified":"2023-08-02T10:04:43","modified_gmt":"2023-08-02T07:04:43","slug":"bone-work-bone-augmentation-reduction-during-implant-placement","status":"publish","type":"product","link":"https:\/\/dioimplant.lv\/lv\/kurss\/bone-work-bone-augmentation-reduction-during-implant-placement\/","title":{"rendered":"Darbs ar kaulu: kaula pieaudz\u0113\u0161ana\/redukcija implantu ievieto\u0161anas laik\u0101"},"content":{"rendered":"<p>&#8211; Kados gad\u012bjumos nepiecie\u0161ams pieaudz\u0113t vai samazin\u0101t kaula daudzumu?<br \/>\n&#8211; Kapec notiek kaula resorbcija?<br \/>\n&#8211; Nepiecie\u0161amie r\u012bki oper\u0101cijas laika<br \/>\n&#8211; Padomi un triki<br \/>\n&#8211; Membr\u0101nas un to pielieto\u0161ana<br \/>\n&#8211; Piezo\u0137irurgija<br \/>\n&#8211; Kliniskie gadijumi<br \/>\n&#8211; Oper\u0101cija klatien\u0113<\/p>\n","protected":false},"excerpt":{"rendered":"<p>&#8211; Kados gad\u012bjumos nepiecie\u0161ams pieaudz\u0113t vai samazin\u0101t kaula daudzumu? &#8211; Kapec notiek kaula resorbcija? &#8211; Nepiecie\u0161amie r\u012bki oper\u0101cijas laika &#8211; Padomi un triki &#8211; Membr\u0101nas un to pielieto\u0161ana &#8211; Piezo\u0137irurgija &#8211; Kliniskie gadijumi &#8211; Oper\u0101cija klatien\u0113<\/p>\n","protected":false},"featured_media":3566,"template":"","meta":{"inline_featured_image":false},"product_cat":[63],"product_tag":[],"class_list":["post-3577","product","type-product","status-publish","has-post-thumbnail","hentry","product_cat-kursi"],"acf":[],"yoast_head":"<!-- This site is optimized with the Yoast SEO plugin v20.12 - https:\/\/yoast.com\/wordpress\/plugins\/seo\/ -->\n<title>Darbs ar kaulu: kaula pieaudz\u0113\u0161ana\/redukcija implantu ievieto\u0161anas laik\u0101 - DIOimplant.LV<\/title>\n<meta name=\"robots\" content=\"index, follow, max-snippet:-1, max-image-preview:large, max-video-preview:-1\" \/>\n<link rel=\"canonical\" href=\"https:\/\/dioimplant.lv\/lv\/kurss\/bone-work-bone-augmentation-reduction-during-implant-placement\/\" \/>\n<meta property=\"og:locale\" content=\"lv_LV\" \/>\n<meta property=\"og:type\" content=\"article\" \/>\n<meta property=\"og:title\" content=\"Darbs ar kaulu: kaula pieaudz\u0113\u0161ana\/redukcija implantu ievieto\u0161anas laik\u0101 - DIOimplant.LV\" \/>\n<meta property=\"og:description\" content=\"&#8211; Kados gad\u012bjumos nepiecie\u0161ams pieaudz\u0113t vai samazin\u0101t kaula daudzumu? &#8211; Kapec notiek kaula resorbcija? &#8211; Nepiecie\u0161amie r\u012bki oper\u0101cijas laika &#8211; Padomi un triki &#8211; Membr\u0101nas un to pielieto\u0161ana &#8211; Piezo\u0137irurgija &#8211; Kliniskie gadijumi &#8211; Oper\u0101cija klatien\u0113\" \/>\n<meta property=\"og:url\" content=\"https:\/\/dioimplant.lv\/lv\/kurss\/bone-work-bone-augmentation-reduction-during-implant-placement\/\" \/>\n<meta property=\"og:site_name\" content=\"DIOimplant.LV\" \/>\n<meta property=\"article:modified_time\" content=\"2023-08-02T07:04:43+00:00\" \/>\n<meta property=\"og:image\" content=\"https:\/\/dioimplant.lv\/wp-content\/uploads\/2023\/07\/bone-grafting.jpeg\" \/>\n\t<meta property=\"og:image:width\" content=\"750\" \/>\n\t<meta property=\"og:image:height\" content=\"563\" \/>\n\t<meta property=\"og:image:type\" content=\"image\/jpeg\" \/>\n<meta name=\"twitter:card\" content=\"summary_large_image\" \/>\n<script type=\"application\/ld+json\" class=\"yoast-schema-graph\">{\"@context\":\"https:\/\/schema.org\",\"@graph\":[{\"@type\":\"WebPage\",\"@id\":\"https:\/\/dioimplant.lv\/lv\/kurss\/bone-work-bone-augmentation-reduction-during-implant-placement\/\",\"url\":\"https:\/\/dioimplant.lv\/lv\/kurss\/bone-work-bone-augmentation-reduction-during-implant-placement\/\",\"name\":\"Darbs ar kaulu: kaula pieaudz\u0113\u0161ana\/redukcija implantu ievieto\u0161anas laik\u0101 - DIOimplant.LV\",\"isPartOf\":{\"@id\":\"https:\/\/dioimplant.lv\/lv\/#website\"},\"datePublished\":\"2023-07-26T06:16:23+00:00\",\"dateModified\":\"2023-08-02T07:04:43+00:00\",\"breadcrumb\":{\"@id\":\"https:\/\/dioimplant.lv\/lv\/kurss\/bone-work-bone-augmentation-reduction-during-implant-placement\/#breadcrumb\"},\"inLanguage\":\"lv-LV\",\"potentialAction\":[{\"@type\":\"ReadAction\",\"target\":[\"https:\/\/dioimplant.lv\/lv\/kurss\/bone-work-bone-augmentation-reduction-during-implant-placement\/\"]}]},{\"@type\":\"BreadcrumbList\",\"@id\":\"https:\/\/dioimplant.lv\/lv\/kurss\/bone-work-bone-augmentation-reduction-during-implant-placement\/#breadcrumb\",\"itemListElement\":[{\"@type\":\"ListItem\",\"position\":1,\"name\":\"Home\",\"item\":\"https:\/\/dioimplant.lv\/lv\/\"},{\"@type\":\"ListItem\",\"position\":2,\"name\":\"Kursi\",\"item\":\"https:\/\/dioimplant.lv\/lv\/kursi\/\"},{\"@type\":\"ListItem\",\"position\":3,\"name\":\"Darbs ar kaulu: kaula pieaudz\u0113\u0161ana\/redukcija implantu ievieto\u0161anas laik\u0101\"}]},{\"@type\":\"WebSite\",\"@id\":\"https:\/\/dioimplant.lv\/lv\/#website\",\"url\":\"https:\/\/dioimplant.lv\/lv\/\",\"name\":\"DIOimplant.LV\",\"description\":\"For Lifetime Smiles\",\"potentialAction\":[{\"@type\":\"SearchAction\",\"target\":{\"@type\":\"EntryPoint\",\"urlTemplate\":\"https:\/\/dioimplant.lv\/lv\/?s={search_term_string}\"},\"query-input\":\"required name=search_term_string\"}],\"inLanguage\":\"lv-LV\"}]}<\/script>\n<!-- \/ Yoast SEO plugin. -->","yoast_head_json":{"title":"Darbs ar kaulu: kaula pieaudz\u0113\u0161ana\/redukcija implantu ievieto\u0161anas laik\u0101 - DIOimplant.LV","robots":{"index":"index","follow":"follow","max-snippet":"max-snippet:-1","max-image-preview":"max-image-preview:large","max-video-preview":"max-video-preview:-1"},"canonical":"https:\/\/dioimplant.lv\/lv\/kurss\/bone-work-bone-augmentation-reduction-during-implant-placement\/","og_locale":"lv_LV","og_type":"article","og_title":"Darbs ar kaulu: kaula pieaudz\u0113\u0161ana\/redukcija implantu ievieto\u0161anas laik\u0101 - DIOimplant.LV","og_description":"&#8211; Kados gad\u012bjumos nepiecie\u0161ams pieaudz\u0113t vai samazin\u0101t kaula daudzumu? &#8211; Kapec notiek kaula resorbcija? &#8211; Nepiecie\u0161amie r\u012bki oper\u0101cijas laika &#8211; Padomi un triki &#8211; Membr\u0101nas un to pielieto\u0161ana &#8211; Piezo\u0137irurgija &#8211; Kliniskie gadijumi &#8211; Oper\u0101cija klatien\u0113","og_url":"https:\/\/dioimplant.lv\/lv\/kurss\/bone-work-bone-augmentation-reduction-during-implant-placement\/","og_site_name":"DIOimplant.LV","article_modified_time":"2023-08-02T07:04:43+00:00","og_image":[{"width":750,"height":563,"url":"https:\/\/dioimplant.lv\/wp-content\/uploads\/2023\/07\/bone-grafting.jpeg","type":"image\/jpeg"}],"twitter_card":"summary_large_image","schema":{"@context":"https:\/\/schema.org","@graph":[{"@type":"WebPage","@id":"https:\/\/dioimplant.lv\/lv\/kurss\/bone-work-bone-augmentation-reduction-during-implant-placement\/","url":"https:\/\/dioimplant.lv\/lv\/kurss\/bone-work-bone-augmentation-reduction-during-implant-placement\/","name":"Darbs ar kaulu: kaula pieaudz\u0113\u0161ana\/redukcija implantu ievieto\u0161anas laik\u0101 - DIOimplant.LV","isPartOf":{"@id":"https:\/\/dioimplant.lv\/lv\/#website"},"datePublished":"2023-07-26T06:16:23+00:00","dateModified":"2023-08-02T07:04:43+00:00","breadcrumb":{"@id":"https:\/\/dioimplant.lv\/lv\/kurss\/bone-work-bone-augmentation-reduction-during-implant-placement\/#breadcrumb"},"inLanguage":"lv-LV","potentialAction":[{"@type":"ReadAction","target":["https:\/\/dioimplant.lv\/lv\/kurss\/bone-work-bone-augmentation-reduction-during-implant-placement\/"]}]},{"@type":"BreadcrumbList","@id":"https:\/\/dioimplant.lv\/lv\/kurss\/bone-work-bone-augmentation-reduction-during-implant-placement\/#breadcrumb","itemListElement":[{"@type":"ListItem","position":1,"name":"Home","item":"https:\/\/dioimplant.lv\/lv\/"},{"@type":"ListItem","position":2,"name":"Kursi","item":"https:\/\/dioimplant.lv\/lv\/kursi\/"},{"@type":"ListItem","position":3,"name":"Darbs ar kaulu: kaula pieaudz\u0113\u0161ana\/redukcija implantu ievieto\u0161anas laik\u0101"}]},{"@type":"WebSite","@id":"https:\/\/dioimplant.lv\/lv\/#website","url":"https:\/\/dioimplant.lv\/lv\/","name":"DIOimplant.LV","description":"For Lifetime Smiles","potentialAction":[{"@type":"SearchAction","target":{"@type":"EntryPoint","urlTemplate":"https:\/\/dioimplant.lv\/lv\/?s={search_term_string}"},"query-input":"required name=search_term_string"}],"inLanguage":"lv-LV"}]}},"_links":{"self":[{"href":"https:\/\/dioimplant.lv\/lv\/wp-json\/wp\/v2\/product\/3577","targetHints":{"allow":["GET"]}}],"collection":[{"href":"https:\/\/dioimplant.lv\/lv\/wp-json\/wp\/v2\/product"}],"about":[{"href":"https:\/\/dioimplant.lv\/lv\/wp-json\/wp\/v2\/types\/product"}],"wp:featuredmedia":[{"embeddable":true,"href":"https:\/\/dioimplant.lv\/lv\/wp-json\/wp\/v2\/media\/3566"}],"wp:attachment":[{"href":"https:\/\/dioimplant.lv\/lv\/wp-json\/wp\/v2\/media?parent=3577"}],"wp:term":[{"taxonomy":"product_cat","embeddable":true,"href":"https:\/\/dioimplant.lv\/lv\/wp-json\/wp\/v2\/product_cat?post=3577"},{"taxonomy":"product_tag","embeddable":true,"href":"https:\/\/dioimplant.lv\/lv\/wp-json\/wp\/v2\/product_tag?post=3577"}],"curies":[{"name":"wp","href":"https:\/\/api.w.org\/{rel}","templated":true}]}}